{"id":5912,"date":"2025-05-01T00:47:20","date_gmt":"2025-04-30T22:47:20","guid":{"rendered":"https:\/\/bacteria.de\/?page_id=5912"},"modified":"2025-11-29T16:42:15","modified_gmt":"2025-11-29T15:42:15","slug":"newsletter","status":"publish","type":"page","link":"https:\/\/bacteria.de\/en\/newsletter\/","title":{"rendered":"newsletter"},"content":{"rendered":"<p>[et_pb_section fb_built=&#8221;1&#8243; fullwidth=&#8221;on&#8221; _builder_version=&#8221;4.27.4&#8243; _module_preset=&#8221;default&#8221; background_color=&#8221;#FFFFFF&#8221; background_image=&#8221;https:\/\/bacteria.de\/wp-content\/uploads\/2025\/05\/newsletter.jpeg&#8221; border_style_all=&#8221;none&#8221; global_colors_info=&#8221;{}&#8221;][et_pb_fullwidth_header title=&#8221;Newsletter&#8221; background_overlay_color=&#8221;rgba(10,68,121,0.5)&#8221; content_max_width=&#8221;60%&#8221; content_max_width_tablet=&#8221;100%&#8221; content_max_width_phone=&#8221;100%&#8221; content_max_width_last_edited=&#8221;on|phone&#8221; _builder_version=&#8221;4.27.4&#8243; _module_preset=&#8221;default&#8221; title_font_size=&#8221;80px&#8221; title_letter_spacing=&#8221;-1px&#8221; title_line_height=&#8221;1.2em&#8221; content_font=&#8221;Open Sans||||||||&#8221; content_font_size=&#8221;17px&#8221; background_enable_color=&#8221;off&#8221; background_enable_image=&#8221;off&#8221; parallax=&#8221;on&#8221; custom_button_one=&#8221;on&#8221; button_one_text_size=&#8221;16px&#8221; button_one_text_color=&#8221;#ffffff&#8221; button_one_border_width=&#8221;2px&#8221; button_one_border_radius=&#8221;5px&#8221; button_one_letter_spacing=&#8221;1px&#8221; button_one_font=&#8221;Open Sans|||on|||||&#8221; button_one_icon=&#8221;&#xe09a;||divi||400&#8243; button_one_on_hover=&#8221;off&#8221; button_one_custom_margin_tablet=&#8221;&#8221; button_one_custom_margin_phone=&#8221;&#8221; button_one_custom_margin_last_edited=&#8221;on|desktop&#8221; button_one_custom_padding=&#8221;|30px||10px|false|false&#8221; button_one_custom_padding_tablet=&#8221;&#8221; button_one_custom_padding_phone=&#8221;&#8221; button_one_custom_padding_last_edited=&#8221;on|desktop&#8221; custom_margin=&#8221;|||0px|false|false&#8221; custom_margin_tablet=&#8221;|||-47px|false|false&#8221; custom_margin_phone=&#8221;|||-87px|false|false&#8221; custom_margin_last_edited=&#8221;on|phone&#8221; custom_padding=&#8221;4vw|0px|4vw|0px|false|false&#8221; custom_padding_tablet=&#8221;&#8221; custom_padding_phone=&#8221;&#8221; custom_padding_last_edited=&#8221;on|phone&#8221; title_font_size_tablet=&#8221;70px&#8221; title_font_size_phone=&#8221;45px&#8221; title_font_size_last_edited=&#8221;on|phone&#8221; content_font_size_tablet=&#8221;&#8221; content_font_size_phone=&#8221;16px&#8221; content_font_size_last_edited=&#8221;on|desktop&#8221; content_line_height_tablet=&#8221;&#8221; content_line_height_phone=&#8221;1.6em&#8221; content_line_height_last_edited=&#8221;on|phone&#8221; title_text_shadow_style=&#8221;preset3&#8243; content_text_shadow_style=&#8221;preset3&#8243; button_one_text_shadow_style=&#8221;preset3&#8243; global_colors_info=&#8221;{}&#8221; button_one_custom_padding__hover_enabled=&#8221;on|desktop&#8221; button_one_custom_margin__hover_enabled=&#8221;on|desktop&#8221; button_one_custom_margin__hover=&#8221;||0px||false|false&#8221; button_one_custom_padding__hover=&#8221;|30px|||false|false&#8221; content_line_height__hover_enabled=&#8221;off|desktop&#8221;]<\/p>\n<p>&nbsp;<\/p>\n<p>&nbsp;<\/p>\n<p>&nbsp;<\/p>\n<p>[\/et_pb_fullwidth_header][\/et_pb_section][et_pb_section fb_built=&#8221;1&#8243; _builder_version=&#8221;4.27.4&#8243; _module_preset=&#8221;default&#8221; background_color=&#8221;#f7f7f7&#8243; custom_padding=&#8221;|5px||||&#8221; border_style_all=&#8221;none&#8221; global_colors_info=&#8221;{}&#8221;][et_pb_row _builder_version=&#8221;4.27.4&#8243; _module_preset=&#8221;default&#8221; module_alignment=&#8221;center&#8221; global_colors_info=&#8221;{}&#8221;][et_pb_column type=&#8221;4_4&#8243; _builder_version=&#8221;4.16&#8243; _module_preset=&#8221;default&#8221; global_colors_info=&#8221;{}&#8221;][et_pb_cta title=&#8221;Become part of our newsletter community&#8221; button_url=&#8221;#&#8221; button_text=&#8221;Inform now&#8221; admin_label=&#8221;Feature 01&#8243; _builder_version=&#8221;4.27.4&#8243; header_font=&#8221;||||||||&#8221; header_text_color=&#8221;#141410&#8243; header_font_size=&#8221;38px&#8221; header_letter_spacing=&#8221;-1px&#8221; header_line_height=&#8221;1.4em&#8221; body_font=&#8221;Open Sans||||||||&#8221; body_text_color=&#8221;#141410&#8243; body_line_height=&#8221;1.8em&#8221; use_background_color=&#8221;off&#8221; custom_button=&#8221;on&#8221; button_text_size=&#8221;0px&#8221; button_text_color=&#8221;#ffffff&#8221; button_bg_color=&#8221;rgba(0,0,0,0)&#8221; button_border_width=&#8221;0px&#8221; button_border_color=&#8221;#6eba01&#8243; button_border_radius=&#8221;0&#8243; button_letter_spacing=&#8221;2&#8243; button_font=&#8221;Montserrat|||on|&#8221; button_use_icon=&#8221;off&#8221; background_layout=&#8221;light&#8221; max_width=&#8221;90%&#8221; max_width_tablet=&#8221;100%&#8221; max_width_phone=&#8221;100%&#8221; max_width_last_edited=&#8221;on|tablet&#8221; module_alignment=&#8221;center&#8221; custom_margin=&#8221;|||0px|false|false&#8221; custom_margin_tablet=&#8221;|0px||0px|false|false&#8221; custom_margin_phone=&#8221;&#8221; custom_margin_last_edited=&#8221;on|phone&#8221; custom_padding=&#8221;30px|||50px|false|false&#8221; custom_padding_tablet=&#8221;|0px||0px|false|false&#8221; custom_padding_phone=&#8221;|0px||0px|false|false&#8221; custom_padding_last_edited=&#8221;on|phone&#8221; animation_direction=&#8221;bottom&#8221; header_font_size_tablet=&#8221;32px&#8221; header_font_size_phone=&#8221;32px&#8221; header_font_size_last_edited=&#8221;on|phone&#8221; button_text_color_hover=&#8221;#6eba01&#8243; button_border_color_hover=&#8221;#6eba01&#8243; button_border_radius_hover=&#8221;0&#8243; button_letter_spacing_hover=&#8221;2&#8243; button_bg_color_hover=&#8221;rgba(0,0,0,0)&#8221; saved_tabs=&#8221;all&#8221; locked=&#8221;off&#8221; global_colors_info=&#8221;{}&#8221; button_text_size__hover_enabled=&#8221;off&#8221; button_one_text_size__hover_enabled=&#8221;off&#8221; button_two_text_size__hover_enabled=&#8221;off&#8221; button_text_color__hover_enabled=&#8221;on&#8221; button_text_color__hover=&#8221;#6eba01&#8243; button_one_text_color__hover_enabled=&#8221;off&#8221; button_two_text_color__hover_enabled=&#8221;off&#8221; button_border_width__hover_enabled=&#8221;off&#8221; button_one_border_width__hover_enabled=&#8221;off&#8221; button_two_border_width__hover_enabled=&#8221;off&#8221; button_border_color__hover_enabled=&#8221;on&#8221; button_border_color__hover=&#8221;#6eba01&#8243; button_one_border_color__hover_enabled=&#8221;off&#8221; button_two_border_color__hover_enabled=&#8221;off&#8221; button_border_radius__hover_enabled=&#8221;on&#8221; button_border_radius__hover=&#8221;0&#8243; button_one_border_radius__hover_enabled=&#8221;off&#8221; button_two_border_radius__hover_enabled=&#8221;off&#8221; button_letter_spacing__hover_enabled=&#8221;on&#8221; button_letter_spacing__hover=&#8221;2&#8243; button_one_letter_spacing__hover_enabled=&#8221;off&#8221; button_two_letter_spacing__hover_enabled=&#8221;off&#8221; button_bg_color__hover_enabled=&#8221;on&#8221; button_bg_color__hover=&#8221;rgba(0,0,0,0)&#8221; button_one_bg_color__hover_enabled=&#8221;off&#8221; button_two_bg_color__hover_enabled=&#8221;off&#8221;]<\/p>\n<p>Immerse yourself in the world of Magnospira and discover valuable tips for a healthy and mindful life. Enter a new universe that will bring you valuable insights for your life. Receive the latest insights and trends straight to your inbox with our newsletter. Join us and never miss any important updates again.   <\/p>\n<p>[\/et_pb_cta][et_pb_cta button_url=&#8221;#&#8221; admin_label=&#8221;Feature 01&#8243; _builder_version=&#8221;4.27.4&#8243; header_font=&#8221;||||||||&#8221; header_text_color=&#8221;#141410&#8243; header_font_size=&#8221;38px&#8221; header_letter_spacing=&#8221;-1px&#8221; header_line_height=&#8221;1.4em&#8221; body_font=&#8221;Open Sans||on||||||&#8221; body_text_color=&#8221;#2dacdc&#8221; body_font_size=&#8221;19px&#8221; body_line_height=&#8221;1.8em&#8221; use_background_color=&#8221;off&#8221; custom_button=&#8221;on&#8221; button_text_size=&#8221;0px&#8221; button_text_color=&#8221;#ffffff&#8221; button_bg_color=&#8221;rgba(0,0,0,0)&#8221; button_border_width=&#8221;0px&#8221; button_border_color=&#8221;#6eba01&#8243; button_border_radius=&#8221;0&#8243; button_letter_spacing=&#8221;2&#8243; button_font=&#8221;Montserrat|||on|&#8221; button_use_icon=&#8221;off&#8221; background_layout=&#8221;light&#8221; max_width=&#8221;70%&#8221; max_width_tablet=&#8221;90%&#8221; max_width_phone=&#8221;100%&#8221; max_width_last_edited=&#8221;on|desktop&#8221; module_alignment=&#8221;center&#8221; custom_margin=&#8221;|||&#8221; custom_padding=&#8221;|||&#8221; animation_direction=&#8221;bottom&#8221; header_font_size_tablet=&#8221;32px&#8221; header_font_size_phone=&#8221;32px&#8221; header_font_size_last_edited=&#8221;on|phone&#8221; button_text_color_hover=&#8221;#6eba01&#8243; button_border_color_hover=&#8221;#6eba01&#8243; button_border_radius_hover=&#8221;0&#8243; button_letter_spacing_hover=&#8221;2&#8243; button_bg_color_hover=&#8221;rgba(0,0,0,0)&#8221; saved_tabs=&#8221;all&#8221; locked=&#8221;off&#8221; global_colors_info=&#8221;{}&#8221; button_text_size__hover_enabled=&#8221;off&#8221; button_one_text_size__hover_enabled=&#8221;off&#8221; button_two_text_size__hover_enabled=&#8221;off&#8221; button_text_color__hover_enabled=&#8221;on&#8221; button_text_color__hover=&#8221;#6eba01&#8243; button_one_text_color__hover_enabled=&#8221;off&#8221; button_two_text_color__hover_enabled=&#8221;off&#8221; button_border_width__hover_enabled=&#8221;off&#8221; button_one_border_width__hover_enabled=&#8221;off&#8221; button_two_border_width__hover_enabled=&#8221;off&#8221; button_border_color__hover_enabled=&#8221;on&#8221; button_border_color__hover=&#8221;#6eba01&#8243; button_one_border_color__hover_enabled=&#8221;off&#8221; button_two_border_color__hover_enabled=&#8221;off&#8221; button_border_radius__hover_enabled=&#8221;on&#8221; button_border_radius__hover=&#8221;0&#8243; button_one_border_radius__hover_enabled=&#8221;off&#8221; button_two_border_radius__hover_enabled=&#8221;off&#8221; button_letter_spacing__hover_enabled=&#8221;on&#8221; button_letter_spacing__hover=&#8221;2&#8243; button_one_letter_spacing__hover_enabled=&#8221;off&#8221; button_two_letter_spacing__hover_enabled=&#8221;off&#8221; button_bg_color__hover_enabled=&#8221;on&#8221; button_bg_color__hover=&#8221;rgba(0,0,0,0)&#8221; button_one_bg_color__hover_enabled=&#8221;off&#8221; button_two_bg_color__hover_enabled=&#8221;off&#8221;]<\/p>\n<p>Support your health with our information on your microbiome and your health<\/p>\n<p>[\/et_pb_cta][\/et_pb_column][\/et_pb_row][et_pb_row _builder_version=&#8221;4.27.4&#8243; _module_preset=&#8221;default&#8221; background_color=&#8221;RGBA(255,255,255,0)&#8221; width=&#8221;100%&#8221; max_width=&#8221;690px&#8221; module_alignment=&#8221;center&#8221; min_height=&#8221;235.7px&#8221; custom_margin=&#8221;|292px||auto|false|false&#8221; custom_padding=&#8221;||||false|false&#8221; hover_enabled=&#8221;0&#8243; border_style_all=&#8221;none&#8221; global_colors_info=&#8221;{}&#8221; sticky_enabled=&#8221;0&#8243;][et_pb_column type=&#8221;4_4&#8243; _builder_version=&#8221;4.27.4&#8243; _module_preset=&#8221;default&#8221; global_colors_info=&#8221;{}&#8221;][et_pb_code _builder_version=&#8221;4.27.4&#8243; _module_preset=&#8221;default&#8221; background_color=&#8221;RGBA(255,255,255,0)&#8221; width=&#8221;65%&#8221; module_alignment=&#8221;center&#8221; min_height=&#8221;0px&#8221; hover_enabled=&#8221;0&#8243; custom_css_free_form=&#8221;\/* Basis: Schrift immer wei\u00df, weiche \u00dcberg\u00e4nge *\/||selector button.kajabi-form__btn {||    color: #ffffff !important;||    transition:||        transform 150ms ease-out,||        filter 150ms ease-out,||        box-shadow 150ms ease-out,||        opacity 150ms ease-out;||}||||\/* Hover: klar sichtbar \u2013 gr\u00f6\u00dfer, heller, Schatten *\/||selector button.kajabi-form__btn:hover {||    transform: scale(1.06) translateY(-1px);||    filter: brightness(1.10);||    box-shadow: 0 12px 26px rgba(0, 0, 0, 0.22);||}||||\/* Klick: Button dr\u00fcckt sich sp\u00fcrbar ein *\/||selector button.kajabi-form__btn:active {||    transform: scale(0.92) translateY(0);||    opacity: 0.9;||    box-shadow: 0 4px 10px rgba(0, 0, 0, 0.18);||}||\/* Hintergrund und Padding entfernen *\/||selector .kajabi-form,||selector .form-container,||selector .kajabi-form&#8211;wrapper {||    background: transparent !important;||    box-shadow: none !important;||    border: none !important;||    padding: 0 !important;||}||||\/* Formularbreite zentrieren *\/||selector .kajabi-form {||    max-width: 480px;||    margin: 0 auto !important;||}||||\/* Input-Felder \u00e4sthetisch gl\u00e4tten *\/||selector input {||    border-radius: 10px !important;||    border: 1px solid rgba(0,0,0,0.1) !important;||    background: rgba(255,255,255,0.7) !important;||    padding: 14px !important;||    font-size: 16px !important;||}||||\/* Input-Felder Hover *\/||selector input:hover {||    border-color: rgba(0,0,0,0.2) !important;||}||||\/* Button: Basis *\/||selector button.kajabi-form__btn {||    color: #ffffff !important;||    border-radius: 10px !important;||    padding: 14px 22px !important;||    font-size: 16px !important;||    font-weight: 500;||    background: linear-gradient(90deg, #5fa8d3, #468fcc);||    transition:||        transform 150ms ease-out,||        filter 150ms ease-out,||        box-shadow 150ms ease-out,||        opacity 150ms ease-out;||}||||\/* Button: Hover *\/||selector button.kajabi-form__btn:hover {||    transform: scale(1.06) translateY(-1px);||    filter: brightness(1.10);||    box-shadow: 0 12px 26px rgba(0,0,0,0.22);||}||||\/* Button: Klick *\/||selector button.kajabi-form__btn:active {||    transform: scale(0.92) translateY(0);||    opacity: 0.9;||    box-shadow: 0 4px 10px rgba(0,0,0,0.18);||}&#8221; border_style_all=&#8221;none&#8221; global_colors_info=&#8221;{}&#8221; sticky_enabled=&#8221;0&#8243;]<script src=https:\/\/portal.bacteria.de\/forms\/2149066405\/embed.js><\/script>[\/et_pb_code][et_pb_text _builder_version=&#8221;4.27.4&#8243; _module_preset=&#8221;default&#8221; text_font=&#8221;&#8211;et_global_heading_font||||||||&#8221; text_text_color=&#8221;#2DACDC&#8221; header_text_color=&#8221;#2DACDC&#8221; header_2_text_color=&#8221;#2DACDC&#8221; text_orientation=&#8221;center&#8221; width=&#8221;100%&#8221; custom_margin=&#8221;|-59px||||&#8221; custom_padding=&#8221;77px|7px|6px|70px|false|false&#8221; border_style_all=&#8221;none&#8221; global_colors_info=&#8221;{}&#8221;]<\/p>\n<h2 style=\"text-align: center;\">Sign up and be part of it!<\/h2>\n<p>[\/et_pb_text][\/et_pb_column][\/et_pb_row][\/et_pb_section][et_pb_section fb_built=&#8221;1&#8243; _builder_version=&#8221;4.27.4&#8243; _module_preset=&#8221;default&#8221; background_color=&#8221;#f7f7f7&#8243; global_colors_info=&#8221;{}&#8221;][et_pb_row _builder_version=&#8221;4.27.4&#8243; _module_preset=&#8221;default&#8221; background_color=&#8221;RGBA(255,255,255,0)&#8221; min_height=&#8221;174.6px&#8221; global_colors_info=&#8221;{}&#8221;][et_pb_column type=&#8221;4_4&#8243; _builder_version=&#8221;4.27.4&#8243; _module_preset=&#8221;default&#8221; global_colors_info=&#8221;{}&#8221;][\/et_pb_column][\/et_pb_row][\/et_pb_section]<\/p>\n","protected":false},"excerpt":{"rendered":"<p>&nbsp; &nbsp; &nbsp;Immerse yourself in the world of Magnospira and discover valuable tips for a healthy and mindful life. Enter a new universe that will bring you valuable insights for your life. Receive the latest insights and trends straight to your inbox with our newsletter. Join us and never miss any important updates again. Support your health with our information on your microbiome and your healthSign up and be part of it!<\/p>\n","protected":false},"author":3,"featured_media":0,"parent":0,"menu_order":0,"comment_status":"closed","ping_status":"closed","template":"","meta":{"_et_pb_use_builder":"on","_et_pb_old_content":"","_et_gb_content_width":"","footnotes":""},"class_list":["post-5912","page","type-page","status-publish","hentry"],"_links":{"self":[{"href":"https:\/\/bacteria.de\/en\/wp-json\/wp\/v2\/pages\/5912","targetHints":{"allow":["GET"]}}],"collection":[{"href":"https:\/\/bacteria.de\/en\/wp-json\/wp\/v2\/pages"}],"about":[{"href":"https:\/\/bacteria.de\/en\/wp-json\/wp\/v2\/types\/page"}],"author":[{"embeddable":true,"href":"https:\/\/bacteria.de\/en\/wp-json\/wp\/v2\/users\/3"}],"replies":[{"embeddable":true,"href":"https:\/\/bacteria.de\/en\/wp-json\/wp\/v2\/comments?post=5912"}],"version-history":[{"count":0,"href":"https:\/\/bacteria.de\/en\/wp-json\/wp\/v2\/pages\/5912\/revisions"}],"wp:attachment":[{"href":"https:\/\/bacteria.de\/en\/wp-json\/wp\/v2\/media?parent=5912"}],"curies":[{"name":"wp","href":"https:\/\/api.w.org\/{rel}","templated":true}]}}