{"id":6460,"date":"2025-10-21T15:24:30","date_gmt":"2025-10-21T13:24:30","guid":{"rendered":"https:\/\/bacteria.de\/?page_id=6460"},"modified":"2025-10-21T16:19:07","modified_gmt":"2025-10-21T14:19:07","slug":"insights","status":"publish","type":"page","link":"https:\/\/bacteria.de\/de\/insights\/","title":{"rendered":"Insights"},"content":{"rendered":"<p>[et_pb_section fb_built=&#8220;1&#8243; _builder_version=&#8220;4.27.4&#8243; _module_preset=&#8220;default&#8220; global_colors_info=&#8220;{}&#8220;][et_pb_row _builder_version=&#8220;4.27.4&#8243; _module_preset=&#8220;default&#8220; global_colors_info=&#8220;{}&#8220;][et_pb_column type=&#8220;4_4&#8243; _builder_version=&#8220;4.27.4&#8243; _module_preset=&#8220;default&#8220; global_colors_info=&#8220;{}&#8220;][dpdfg_filtergrid custom_query=&#8220;advanced&#8220; multiple_cpt=&#8220;insight&#8220; show_author=&#8220;off&#8220; show_date=&#8220;on&#8220; show_terms=&#8220;on&#8220; show_terms_taxonomy=&#8220;insight-topic&#8220; show_content=&#8220;on&#8220; filter_taxonomies=&#8220;insight-topic&#8220; _builder_version=&#8220;4.27.4&#8243; _module_preset=&#8220;default&#8220; dpdfg_entry_title_font=&#8220;|700|||||||&#8220; dpdfg_entry_title_text_color=&#8220;#141410&#8243; dpdfg_entry_title_font_size=&#8220;26px&#8220; dpdfg_entry_meta_font=&#8220;Open Sans|||on|||||&#8220; dpdfg_entry_meta_text_color=&#8220;#2DACDC&#8220; dpdfg_entry_summary_font=&#8220;Open Sans|500|||||||&#8220; dpdfg_entry_summary_text_color=&#8220;#141410&#8243; dpdfg_entry_summary_font_size=&#8220;16px&#8220; dpdfg_filters_font=&#8220;Open Sans|500||on|||||&#8220; dpdfg_filters_text_color=&#8220;#2DACDC&#8220; hover_enabled=&#8220;0&#8243; custom_css_free_form=&#8220;selector .dp-dfg-item{||  box-shadow: 0px 2px 10px -4px rgba(0, 0, 0, 0.3);||  transition: box-shadow 300ms ease 0ms;||}||||selector .dp-dfg-item:hover{||  box-shadow: 0px 2px 25px -4px rgba(18, 99, 149, 0.5);||}||||selector .dp-dfg-image.entry-thumb img{||  width: 100%;||    object-fit: cover; \/* Sch\u00e4rft das Bild ohne Verzerrung *\/||    height: 250px; \/* Einheitliche H\u00f6he *\/||}||||selector .dp-dfg-header.entry-header, selector .dp-dfg-meta.entry-meta{||  padding-left:8px !important;||  padding-right:8px !important;||}||||selector .dp-dfg-header.entry-header{||  padding-top:32px;||}||||selector .dp-dfg-meta.entry-meta{||  padding-top:0;||}||||selector .dp-dfg-content.entry-summary{||  padding-bottom:18px !important;||  padding-left:8px !important;||  padding-right:8px !important;||  padding-top:0;||}||||@media only screen and (max-width: 480px){||  selector .dp-dfg-item{||  margin-bottom:32px !important;||}||}||.et_pb_post .et_pb_image_container img {||    width: 100%;||    object-fit: cover; \/* Sch\u00e4rft das Bild ohne Verzerrung *\/||    height: 250px; \/* Einheitliche H\u00f6he *\/||}||&#8220; global_colors_info=&#8220;{}&#8220; post_number=&#8220;15&#8243; use_taxonomy_terms=&#8220;on&#8220; multiple_taxonomies=&#8220;insight-topic&#8220; items_width=&#8220;30%&#8220; column_gutter=&#8220;32px&#8220; row_gutter=&#8220;48px&#8220; use_overlay_icon=&#8220;off&#8220; sticky_enabled=&#8220;0&#8243;][\/dpdfg_filtergrid][\/et_pb_column][\/et_pb_row][\/et_pb_section]<\/p>\n","protected":false},"excerpt":{"rendered":"<div class=\"et_pb_module dpdfg_filtergrid dpdfg_filtergrid_0\">\n\t\t\t\t\n\t\t\t\t\n\t\t\t\t\n\t\t\t\t\n\t\t\t\t\n\t\t\t\t\n\t\t\t\t<div class=\"et_pb_module_inner\">\n\t\t\t\t\t<!-- DPDFG Start Main Container --><div class=\"dp-dfg-container dp-dfg-layout-grid dp-dfg-skin-default dp-dfg-skin-top-filters\" data-active-filter=\"all\" data-page=\"1\" data-found-posts=\"7\" data-post-number=\"15\" data-default-filter=\"All\" data-link-filter=\"\" data-cache=\"off\" data-ratio=\"0.71\" data-show-thumb=\"on\" data-action=\"link\" data-new-window=\"off\" data-filters=\"on\" data-date-filters=\"off\" data-multifilter=\"off|OR\" data-multilevel=\"off|AND|off\" data-sorting=\"off\" data-order=\"DESC\" data-orderby=\"date\" data-initorderby=\"date\" data-url-navigation=\"off\" data-url-history=\"on|reload\" data-ajax-filters=\"off\" data-doing-ajax=\"off\" data-module=\"dpdfg_filtergrid_0\" data-search=\"off\" data-search-position=\"above\" data-terms-tags=\"on\" data-pagination=\"on\" data-filter-method=\"default\" data-third-party=\"\" data-lightbox=\"on|||\" data-video-preview=\"off\" data-no-init=\"off\" data-st=\"on\" data-no-results=\"off\"><div class=\"dp-dfg-filters dp-dfg-filters-buttons-layout\" data-layout=\"button\" data-orderby=\"id\" data-hierarchy-levels=\"off\"><ul class=\"dp-dfg-level dp-dfg-taxonomy-level-0 dp-dfg-taxonomy-all\" data-parent=\"0\" data-tax=\"all\" data-order=\"0\"><li class=\"dp-dfg-filter\" data-level=\"0\" data-parent=\"0\"><a class=\"dp-dfg-filter-link active all\" href=\"#\" data-term-id=\"all\" role=\"button\" tabindex=\"0\" aria-pressed=\"false\">All<\/a><\/li><li class=\"dp-dfg-filter\" data-level=\"0\" data-parent=\"0\"><a class=\"dp-dfg-filter-link ernaehrung\" href=\"#\" data-term-id=\"258\" role=\"button\" tabindex=\"0\" aria-pressed=\"false\">Ern\u00e4hrung<\/a><\/li><li class=\"dp-dfg-filter\" data-level=\"0\" data-parent=\"0\"><a class=\"dp-dfg-filter-link koerper\" href=\"#\" data-term-id=\"260\" role=\"button\" tabindex=\"0\" aria-pressed=\"false\">K\u00f6rper<\/a><\/li><li class=\"dp-dfg-filter\" data-level=\"0\" data-parent=\"0\"><a class=\"dp-dfg-filter-link verhalten\" href=\"#\" data-term-id=\"262\" role=\"button\" tabindex=\"0\" aria-pressed=\"false\">Verhalten<\/a><\/li><li class=\"dp-dfg-filter\" data-level=\"0\" data-parent=\"0\"><a class=\"dp-dfg-filter-link forschung\" href=\"#\" data-term-id=\"278\" role=\"button\" tabindex=\"0\" aria-pressed=\"false\">Forschung<\/a><\/li><li class=\"dp-dfg-filter\" data-level=\"0\" data-parent=\"0\"><a class=\"dp-dfg-filter-link medizin\" href=\"#\" data-term-id=\"280\" role=\"button\" tabindex=\"0\" aria-pressed=\"false\">Medizin<\/a><\/li><\/ul><\/div><!-- DPDFG End Filters Container --><div class=\"dp-dfg-items\"><article id=\"post-7338\" class=\"dp-dfg-item post-7338 insight type-insight status-publish has-post-thumbnail hentry insight-topic-medizin dp-dfg-term-id-280\"     data-position=\"0\"   data-new-tab=\"off\"   data-action-priority=\"item\"><figure class=\"dp-dfg-image entry-thumb\"><a href=\"https:\/\/bacteria.de\/de\/insight\/alkoholproduktion-im-darm\/\" class=\"dp-dfg-image-link\" ><img decoding=\"async\" class=\"dp-dfg-featured-image\" src=\"https:\/\/bacteria.de\/wp-content\/uploads\/2026\/01\/abs-400x284.png\" alt=\"Betrunken ohne Alkohol\" width=\"400\" height=\"284\" data-ratio=\"0.71\"\/><\/a><\/figure><div class=\"dp-dfg-overlay\"><span class=\"dfg_et_overlay\" ><\/span><\/div><div class=\"dp-dfg-header entry-header\"><h2 class=\"entry-title\">Betrunken ohne Alkohol<\/h2><\/div><div class=\"dp-dfg-meta entry-meta\"><span class=\"published\">21. Januar 2026 | <\/span><span class=\"terms\"><a href=\"https:\/\/bacteria.de\/de\/insight-topic\/medizin\/\" class=\"term-link medizin taxonomy-insight-topic\" data-term-id=\"280\">Medizin<\/a><\/span><\/div><div class=\"dp-dfg-content entry-summary\">Ethanol aus dem Darm statt aus dem Glas: Wie ein ver\u00e4ndertes Mikrobiom beim Auto-Brewery-Syndrom messbare Blutalkoholwerte erzeugt.<\/div><\/article><!-- DPDFG End Post Item Container --><article id=\"post-7185\" class=\"dp-dfg-item post-7185 insight type-insight status-publish has-post-thumbnail hentry insight-topic-forschung dp-dfg-term-id-278\"     data-position=\"1\"   data-new-tab=\"off\"   data-action-priority=\"item\"><figure class=\"dp-dfg-image entry-thumb\"><a href=\"https:\/\/bacteria.de\/de\/insight\/mikrobiomforschung-million-microbiomes\/\" class=\"dp-dfg-image-link\" ><img decoding=\"async\" class=\"dp-dfg-featured-image\" src=\"https:\/\/bacteria.de\/wp-content\/uploads\/2026\/01\/microbiome-abstract-1-400x284.png\" alt=\"Zu viel versprochen?\" width=\"400\" height=\"284\" data-ratio=\"0.71\"\/><\/a><\/figure><div class=\"dp-dfg-overlay\"><span class=\"dfg_et_overlay\" ><\/span><\/div><div class=\"dp-dfg-header entry-header\"><h2 class=\"entry-title\">Zu viel versprochen?<\/h2><\/div><div class=\"dp-dfg-meta entry-meta\"><span class=\"published\">14. Januar 2026 | <\/span><span class=\"terms\"><a href=\"https:\/\/bacteria.de\/de\/insight-topic\/forschung\/\" class=\"term-link forschung taxonomy-insight-topic\" data-term-id=\"278\">Forschung<\/a><\/span><\/div><div class=\"dp-dfg-content entry-summary\">Warum das \u201cMillion Microbiomes from Humans Project\u201d hinter den eigenen Erwartungen liegt und was uns das \u00fcber Mikrobiomforschung sagt.<\/div><\/article><!-- DPDFG End Post Item Container --><article id=\"post-6887\" class=\"dp-dfg-item post-6887 insight type-insight status-publish has-post-thumbnail hentry insight-topic-verhalten dp-dfg-term-id-262\"     data-position=\"2\"   data-new-tab=\"off\"   data-action-priority=\"item\"><figure class=\"dp-dfg-image entry-thumb\"><a href=\"https:\/\/bacteria.de\/de\/insight\/vererbung-durch-mikrobiom\/\" class=\"dp-dfg-image-link\" ><img decoding=\"async\" class=\"dp-dfg-featured-image\" src=\"https:\/\/bacteria.de\/wp-content\/uploads\/2025\/11\/maus-laufend-400x284.jpeg\" alt=\"Vererbung durch Mikrobiom\" width=\"400\" height=\"284\" data-ratio=\"0.71\"\/><\/a><\/figure><div class=\"dp-dfg-overlay\"><span class=\"dfg_et_overlay\" ><\/span><\/div><div class=\"dp-dfg-header entry-header\"><h2 class=\"entry-title\">Vererbung durch Mikrobiom<\/h2><\/div><div class=\"dp-dfg-meta entry-meta\"><span class=\"published\">5. November 2025 | <\/span><span class=\"terms\"><a href=\"https:\/\/bacteria.de\/de\/insight-topic\/verhalten\/\" class=\"term-link verhalten taxonomy-insight-topic\" data-term-id=\"262\">Verhalten<\/a><\/span><\/div><div class=\"dp-dfg-content entry-summary\">Studie an M\u00e4usen zeigt, wie Verhalten unabh\u00e4ngig von den Genen \u00fcber das Mikrobiom vererbt werden kann.<\/div><\/article><!-- DPDFG End Post Item Container --><article id=\"post-6724\" class=\"dp-dfg-item post-6724 insight type-insight status-publish has-post-thumbnail hentry insight-topic-ernaehrung dp-dfg-term-id-258\"     data-position=\"3\"   data-new-tab=\"off\"   data-action-priority=\"item\"><figure class=\"dp-dfg-image entry-thumb\"><a href=\"https:\/\/bacteria.de\/de\/insight\/mehr-energie-aus-ballaststoffen\/\" class=\"dp-dfg-image-link\" ><img decoding=\"async\" class=\"dp-dfg-featured-image\" src=\"https:\/\/bacteria.de\/wp-content\/uploads\/2025\/10\/cloud-400x284.jpeg\" alt=\"Mehr Energie aus Ballaststoffen\" width=\"400\" height=\"284\" data-ratio=\"0.71\"\/><\/a><\/figure><div class=\"dp-dfg-overlay\"><span class=\"dfg_et_overlay\" ><\/span><\/div><div class=\"dp-dfg-header entry-header\"><h2 class=\"entry-title\">Mehr Energie aus Ballaststoffen<\/h2><\/div><div class=\"dp-dfg-meta entry-meta\"><span class=\"published\">31. Oktober 2025 | <\/span><span class=\"terms\"><a href=\"https:\/\/bacteria.de\/de\/insight-topic\/ernaehrung\/\" class=\"term-link ernaehrung taxonomy-insight-topic\" data-term-id=\"258\">Ern\u00e4hrung<\/a><\/span><\/div><div class=\"dp-dfg-content entry-summary\">Nicht jeder verdaut Ballaststoffe gleich: Wer Methan im Darm bildet, gewinnt mehr Energie aus derselben Mahlzeit.<\/div><\/article><!-- DPDFG End Post Item Container --><article id=\"post-6641\" class=\"dp-dfg-item post-6641 insight type-insight status-publish has-post-thumbnail hentry insight-topic-verhalten dp-dfg-term-id-262\"     data-position=\"4\"   data-new-tab=\"off\"   data-action-priority=\"item\"><figure class=\"dp-dfg-image entry-thumb\"><a href=\"https:\/\/bacteria.de\/de\/insight\/social-jetlag-stoert-mikrobiom\/\" class=\"dp-dfg-image-link\" ><img decoding=\"async\" class=\"dp-dfg-featured-image\" src=\"https:\/\/bacteria.de\/wp-content\/uploads\/2025\/10\/sleep-400x284.jpeg\" alt=\"Social Jetlag st\u00f6rt Mikrobiom\" width=\"400\" height=\"284\" data-ratio=\"0.71\"\/><\/a><\/figure><div class=\"dp-dfg-overlay\"><span class=\"dfg_et_overlay\" ><\/span><\/div><div class=\"dp-dfg-header entry-header\"><h2 class=\"entry-title\">Social Jetlag st\u00f6rt Mikrobiom<\/h2><\/div><div class=\"dp-dfg-meta entry-meta\"><span class=\"published\">27. Oktober 2025 | <\/span><span class=\"terms\"><a href=\"https:\/\/bacteria.de\/de\/insight-topic\/verhalten\/\" class=\"term-link verhalten taxonomy-insight-topic\" data-term-id=\"262\">Verhalten<\/a><\/span><\/div><div class=\"dp-dfg-content entry-summary\">Menschen mit einem Social Jetlag zeigen Ver\u00e4nderungen im Mikrobiom. Dies hat Auswirkungen auf die Gesundheit.<\/div><\/article><!-- DPDFG End Post Item Container --><article id=\"post-6511\" class=\"dp-dfg-item post-6511 insight type-insight status-publish has-post-thumbnail hentry insight-topic-koerper dp-dfg-term-id-260\"     data-position=\"5\"   data-new-tab=\"off\"   data-action-priority=\"item\"><figure class=\"dp-dfg-image entry-thumb\"><a href=\"https:\/\/bacteria.de\/de\/insight\/inocles-im-mundmikrobiom\/\" class=\"dp-dfg-image-link\" ><img decoding=\"async\" class=\"dp-dfg-featured-image\" src=\"https:\/\/bacteria.de\/wp-content\/uploads\/2025\/10\/inocles-400x284.jpeg\" alt=\"Riesen im Mundmikrobiom\" width=\"400\" height=\"284\" data-ratio=\"0.71\"\/><\/a><\/figure><div class=\"dp-dfg-overlay\"><span class=\"dfg_et_overlay\" ><\/span><\/div><div class=\"dp-dfg-header entry-header\"><h2 class=\"entry-title\">Riesen im Mundmikrobiom<\/h2><\/div><div class=\"dp-dfg-meta entry-meta\"><span class=\"published\">23. Oktober 2025 | <\/span><span class=\"terms\"><a href=\"https:\/\/bacteria.de\/de\/insight-topic\/koerper\/\" class=\"term-link koerper taxonomy-insight-topic\" data-term-id=\"260\">K\u00f6rper<\/a><\/span><\/div><div class=\"dp-dfg-content entry-summary\">Im menschlichen Mundmikrobiom wurden riesige DNA-Ringe entdeckt\u00a0\u2013 sogenannte Inocles. Was bedeutet das?<\/div><\/article><!-- DPDFG End Post Item Container --><article id=\"post-6410\" class=\"dp-dfg-item post-6410 insight type-insight status-publish has-post-thumbnail hentry insight-topic-ernaehrung dp-dfg-term-id-258\"     data-position=\"6\"   data-new-tab=\"off\"   data-action-priority=\"item\"><figure class=\"dp-dfg-image entry-thumb\"><a href=\"https:\/\/bacteria.de\/de\/insight\/sucralose-sabotiert-immuntherapie\/\" class=\"dp-dfg-image-link\" ><img decoding=\"async\" class=\"dp-dfg-featured-image\" src=\"https:\/\/bacteria.de\/wp-content\/uploads\/2025\/10\/immuntherapie-400x284.jpeg\" alt=\"Sucralose sabotiert Krebsbehandlung\" width=\"400\" height=\"284\" data-ratio=\"0.71\"\/><\/a><\/figure><div class=\"dp-dfg-overlay\"><span class=\"dfg_et_overlay\" ><\/span><\/div><div class=\"dp-dfg-header entry-header\"><h2 class=\"entry-title\">Sucralose sabotiert Krebsbehandlung<\/h2><\/div><div class=\"dp-dfg-meta entry-meta\"><span class=\"published\">20. Oktober 2025 | <\/span><span class=\"terms\"><a href=\"https:\/\/bacteria.de\/de\/insight-topic\/ernaehrung\/\" class=\"term-link ernaehrung taxonomy-insight-topic\" data-term-id=\"258\">Ern\u00e4hrung<\/a><\/span><\/div><div class=\"dp-dfg-content entry-summary\">Sucralose kann die Krebsbehandlung sabotieren und damit den Erfolg gef\u00e4hrden.<\/div><\/article><!-- DPDFG End Post Item Container --><\/div><div class=\"dp-dfg-announcer screen-reader-text\" aria-live=\"polite\" aria-atomic=\"true\"><\/div><\/div><!-- DPDFG End Main Container --><div class=\"dp-dfg-data dp-dfg-hide\"><div class=\"dp-dfg-ajax-data\" data-ajax=\"{&quot;custom_query&quot;:&quot;advanced&quot;,&quot;support_for&quot;:&quot;sfp&quot;,&quot;sfp_id&quot;:&quot;&quot;,&quot;include_categories&quot;:&quot;&quot;,&quot;current_post_type&quot;:&quot;on&quot;,&quot;multiple_cpt&quot;:&quot;insight&quot;,&quot;use_taxonomy_terms&quot;:&quot;on&quot;,&quot;multiple_taxonomies&quot;:&quot;insight-topic&quot;,&quot;taxonomies_relation&quot;:&quot;OR&quot;,&quot;include_terms&quot;:&quot;&quot;,&quot;terms_relation&quot;:&quot;IN&quot;,&quot;include_children_terms&quot;:&quot;on&quot;,&quot;exclude_taxonomies&quot;:&quot;category&quot;,&quot;exclude_taxonomies_relation&quot;:&quot;OR&quot;,&quot;exclude_terms&quot;:&quot;&quot;,&quot;meta_query&quot;:&quot;off&quot;,&quot;meta_cf_key&quot;:&quot;&quot;,&quot;meta_cf_value&quot;:&quot;&quot;,&quot;meta_cf_compare&quot;:&quot;Equal To&quot;,&quot;meta_cf_type&quot;:&quot;CHAR&quot;,&quot;related_taxonomies&quot;:&quot;&quot;,&quot;related_criteria&quot;:&quot;one_in_one&quot;,&quot;posts_ids&quot;:&quot;&quot;,&quot;post_number&quot;:&quot;15&quot;,&quot;offset_number&quot;:&quot;0&quot;,&quot;order&quot;:&quot;DESC&quot;,&quot;orderby&quot;:&quot;date&quot;,&quot;meta_key&quot;:&quot;&quot;,&quot;meta_type&quot;:&quot;CHAR&quot;,&quot;show_private&quot;:&quot;off&quot;,&quot;current_author&quot;:&quot;off&quot;,&quot;sticky_posts&quot;:&quot;off&quot;,&quot;remove_current_post&quot;:&quot;off&quot;,&quot;no_results&quot;:&quot;No results found.&quot;,&quot;thumbnail_action&quot;:&quot;link&quot;,&quot;gallery_cf_name&quot;:&quot;&quot;,&quot;lightbox_elements&quot;:&quot;on|||&quot;,&quot;show_thumbnail&quot;:&quot;on&quot;,&quot;thumbnail_size&quot;:&quot;400x284&quot;,&quot;t_alt&quot;:&quot;title&quot;,&quot;use_overlay&quot;:&quot;on&quot;,&quot;show_title&quot;:&quot;on&quot;,&quot;title_link&quot;:&quot;off&quot;,&quot;show_post_meta&quot;:&quot;on&quot;,&quot;meta_separator&quot;:&quot; | &quot;,&quot;show_author&quot;:&quot;off&quot;,&quot;author_prefix_text&quot;:&quot;By &quot;,&quot;show_date&quot;:&quot;on&quot;,&quot;date_format&quot;:&quot;j. F Y&quot;,&quot;show_terms&quot;:&quot;on&quot;,&quot;show_terms_taxonomy&quot;:&quot;insight-topic&quot;,&quot;terms_separator&quot;:&quot;,&quot;,&quot;terms_links&quot;:&quot;on&quot;,&quot;show_comments&quot;:&quot;off&quot;,&quot;show_content&quot;:&quot;on&quot;,&quot;content_length&quot;:&quot;excerpt&quot;,&quot;truncate_content&quot;:&quot;120&quot;,&quot;truncate_excerpt&quot;:&quot;off&quot;,&quot;strip_html&quot;:&quot;on&quot;,&quot;action_button&quot;:&quot;off&quot;,&quot;action_button_text&quot;:&quot;Click Action Button&quot;,&quot;read_more&quot;:&quot;off&quot;,&quot;read_more_text&quot;:&quot;Read More&quot;,&quot;read_more_window&quot;:&quot;off&quot;,&quot;show_custom_fields&quot;:&quot;off&quot;,&quot;custom_fields&quot;:&quot;&quot;,&quot;show_custom_content&quot;:&quot;off&quot;,&quot;custom_content_container&quot;:&quot;on&quot;,&quot;custom_url&quot;:&quot;off&quot;,&quot;custom_url_field_name&quot;:&quot;&quot;,&quot;custom_url_target&quot;:&quot;same&quot;,&quot;show_video_preview&quot;:&quot;off&quot;,&quot;video_module&quot;:&quot;off&quot;,&quot;video_action&quot;:&quot;play&quot;,&quot;video_action_priority&quot;:&quot;on&quot;,&quot;video_overlay&quot;:&quot;on&quot;,&quot;video_overlay_icon&quot;:&quot;on&quot;,&quot;video_icon&quot;:&quot;&amp;#x49;||divi||400&quot;,&quot;video_icon_color&quot;:&quot;#ffffff&quot;,&quot;video_overlay_color&quot;:&quot;rgba(0,0,0,0.6)&quot;,&quot;show_filters&quot;:&quot;on&quot;,&quot;multilevel&quot;:&quot;off&quot;,&quot;multilevel_hierarchy&quot;:&quot;off&quot;,&quot;multilevel_hierarchy_tax&quot;:&quot;[{\\&quot;name\\&quot;:\\&quot;category\\&quot;,\\&quot;label\\&quot;:\\&quot;\\&quot;,\\&quot;all\\&quot;:\\&quot;\\&quot;}]&quot;,&quot;multilevel_relation&quot;:&quot;AND&quot;,&quot;multilevel_tax_data&quot;:&quot;[{\\&quot;name\\&quot;:\\&quot;category\\&quot;,\\&quot;label\\&quot;:\\&quot;\\&quot;,\\&quot;all\\&quot;:\\&quot;\\&quot;}]&quot;,&quot;filter_children_terms&quot;:&quot;on&quot;,&quot;use_custom_terms_filters&quot;:&quot;off&quot;,&quot;filter_taxonomies&quot;:&quot;insight-topic&quot;,&quot;filter_terms&quot;:&quot;&quot;,&quot;default_filter&quot;:&quot;All&quot;,&quot;filters_order&quot;:&quot;ASC&quot;,&quot;filters_sort&quot;:&quot;id&quot;,&quot;filters_custom&quot;:&quot;&quot;,&quot;hide_all&quot;:&quot;off&quot;,&quot;all_text&quot;:&quot;All&quot;,&quot;s_df&quot;:&quot;off&quot;,&quot;df_col&quot;:&quot;post_date&quot;,&quot;s_df_y&quot;:&quot;on&quot;,&quot;s_df_m&quot;:&quot;on&quot;,&quot;filter_layout&quot;:&quot;button&quot;,&quot;multifilter&quot;:&quot;off&quot;,&quot;multifilter_relation&quot;:&quot;OR&quot;,&quot;show_sort&quot;:&quot;off&quot;,&quot;ajax_filters&quot;:&quot;off&quot;,&quot;cache_on_page&quot;:&quot;off&quot;,&quot;show_pagination&quot;:&quot;on&quot;,&quot;pagination_type&quot;:&quot;paged&quot;,&quot;ajax_load_more_text&quot;:&quot;Load More&quot;,&quot;previous_icon&quot;:&quot;&amp;#x34;||divi||400&quot;,&quot;next_icon&quot;:&quot;&amp;#x35;||divi||400&quot;,&quot;previous_text&quot;:&quot;&quot;,&quot;next_text&quot;:&quot;&quot;,&quot;pagination_pages&quot;:&quot;2&quot;,&quot;items_layout&quot;:&quot;dp-dfg-layout-grid&quot;,&quot;thumb_width&quot;:&quot;33%&quot;,&quot;items_width&quot;:&quot;30%&quot;,&quot;items_skin&quot;:&quot;dp-dfg-skin-default&quot;,&quot;primary_view&quot;:&quot;[{\\&quot;name\\&quot;:\\&quot;thumbnail\\&quot;,\\&quot;show\\&quot;:\\&quot;on\\&quot;},{\\&quot;name\\&quot;:\\&quot;overlay\\&quot;,\\&quot;show\\&quot;:\\&quot;on\\&quot;},{\\&quot;name\\&quot;:\\&quot;title\\&quot;,\\&quot;show\\&quot;:\\&quot;off\\&quot;},{\\&quot;name\\&quot;:\\&quot;meta\\&quot;,\\&quot;show\\&quot;:\\&quot;off\\&quot;},{\\&quot;name\\&quot;:\\&quot;ext\\&quot;,\\&quot;show\\&quot;:\\&quot;off\\&quot;},{\\&quot;name\\&quot;:\\&quot;content\\&quot;,\\&quot;show\\&quot;:\\&quot;off\\&quot;},{\\&quot;name\\&quot;:\\&quot;action_button\\&quot;,\\&quot;show\\&quot;:\\&quot;off\\&quot;},{\\&quot;name\\&quot;:\\&quot;read_more_button\\&quot;,\\&quot;show\\&quot;:\\&quot;off\\&quot;},{\\&quot;name\\&quot;:\\&quot;custom_content\\&quot;,\\&quot;show\\&quot;:\\&quot;off\\&quot;}]&quot;,&quot;secondary_view&quot;:&quot;[{\\&quot;name\\&quot;:\\&quot;thumbnail\\&quot;,\\&quot;show\\&quot;:\\&quot;off\\&quot;},{\\&quot;name\\&quot;:\\&quot;title\\&quot;,\\&quot;show\\&quot;:\\&quot;on\\&quot;},{\\&quot;name\\&quot;:\\&quot;meta\\&quot;,\\&quot;show\\&quot;:\\&quot;on\\&quot;},{\\&quot;name\\&quot;:\\&quot;ext\\&quot;,\\&quot;show\\&quot;:\\&quot;on\\&quot;},{\\&quot;name\\&quot;:\\&quot;content\\&quot;,\\&quot;show\\&quot;:\\&quot;on\\&quot;},{\\&quot;name\\&quot;:\\&quot;action_button\\&quot;,\\&quot;show\\&quot;:\\&quot;on\\&quot;},{\\&quot;name\\&quot;:\\&quot;read_more_button\\&quot;,\\&quot;show\\&quot;:\\&quot;on\\&quot;},{\\&quot;name\\&quot;:\\&quot;custom_content\\&quot;,\\&quot;show\\&quot;:\\&quot;on\\&quot;}]&quot;,&quot;popup_template&quot;:&quot;default&quot;,&quot;popup_link_target&quot;:&quot;none&quot;,&quot;popup_code&quot;:&quot;&quot;,&quot;use_overlay_icon&quot;:&quot;off&quot;,&quot;hover_icon&quot;:&quot;&amp;#xe050;||divi||400&quot;,&quot;overlay_icon_color&quot;:&quot;#2ea3f2&quot;,&quot;hover_overlay_color&quot;:&quot;rgba(255,255,255,0.9)&quot;,&quot;show_search&quot;:&quot;off&quot;,&quot;search_position&quot;:&quot;above&quot;,&quot;orderby_search&quot;:&quot;on&quot;,&quot;relevanssi&quot;:&quot;off&quot;,&quot;bg_items&quot;:&quot;&quot;,&quot;admin_label&quot;:&quot;&quot;,&quot;module_id&quot;:&quot;&quot;,&quot;module_class&quot;:&quot;&quot;,&quot;dpdfg_entry_title_level&quot;:&quot;h2&quot;,&quot;read_more_button_icon&quot;:&quot;&quot;,&quot;action_button_icon&quot;:&quot;&quot;,&quot;the_ID&quot;:0,&quot;the_author&quot;:3,&quot;seed&quot;:3953,&quot;query_context&quot;:&quot;initial_query&quot;,&quot;conditional_tags&quot;:{&quot;is_user_logged_in&quot;:&quot;off&quot;,&quot;is_front_page&quot;:&quot;off&quot;,&quot;is_singular&quot;:&quot;off&quot;,&quot;is_archive&quot;:&quot;off&quot;,&quot;is_search&quot;:&quot;off&quot;,&quot;is_tax&quot;:&quot;off&quot;,&quot;is_author&quot;:&quot;off&quot;,&quot;is_date&quot;:&quot;off&quot;,&quot;is_post_type&quot;:&quot;off&quot;},&quot;query_var&quot;:{&quot;s&quot;:&quot;&quot;,&quot;year&quot;:&quot;&quot;,&quot;monthnum&quot;:&quot;&quot;,&quot;day&quot;:&quot;&quot;,&quot;post_type&quot;:&quot;&quot;},&quot;custom_data&quot;:[]}\"><\/div><div class=\"dp-dfg-no-results-data\"><div class=\"dp-dfg-no-results\">No results found.<\/div><\/div><div class=\"dp-dfg-loader-data\"><\/div><\/div>\n\t\t\t\t<\/div>\n\t\t\t<\/div>\n","protected":false},"author":3,"featured_media":0,"parent":0,"menu_order":0,"comment_status":"closed","ping_status":"closed","template":"","meta":{"_et_pb_use_builder":"on","_et_pb_old_content":"","_et_gb_content_width":"","footnotes":""},"class_list":["post-6460","page","type-page","status-publish","hentry"],"_links":{"self":[{"href":"https:\/\/bacteria.de\/de\/wp-json\/wp\/v2\/pages\/6460","targetHints":{"allow":["GET"]}}],"collection":[{"href":"https:\/\/bacteria.de\/de\/wp-json\/wp\/v2\/pages"}],"about":[{"href":"https:\/\/bacteria.de\/de\/wp-json\/wp\/v2\/types\/page"}],"author":[{"embeddable":true,"href":"https:\/\/bacteria.de\/de\/wp-json\/wp\/v2\/users\/3"}],"replies":[{"embeddable":true,"href":"https:\/\/bacteria.de\/de\/wp-json\/wp\/v2\/comments?post=6460"}],"version-history":[{"count":0,"href":"https:\/\/bacteria.de\/de\/wp-json\/wp\/v2\/pages\/6460\/revisions"}],"wp:attachment":[{"href":"https:\/\/bacteria.de\/de\/wp-json\/wp\/v2\/media?parent=6460"}],"curies":[{"name":"wp","href":"https:\/\/api.w.org\/{rel}","templated":true}]}}