{"id":5895,"date":"2025-05-01T00:37:38","date_gmt":"2025-04-30T22:37:38","guid":{"rendered":"https:\/\/bacteria.de\/?page_id=5895"},"modified":"2025-11-29T15:44:20","modified_gmt":"2025-11-29T14:44:20","slug":"newsletter","status":"publish","type":"page","link":"https:\/\/bacteria.de\/de\/newsletter\/","title":{"rendered":"newsletter"},"content":{"rendered":"<p>[et_pb_section fb_built=&#8220;1&#8243; fullwidth=&#8220;on&#8220; _builder_version=&#8220;4.27.4&#8243; _module_preset=&#8220;default&#8220; background_color=&#8220;#FFFFFF&#8220; background_image=&#8220;https:\/\/bacteria.de\/wp-content\/uploads\/2025\/05\/newsletter.jpeg&#8220; hover_enabled=&#8220;0&#8243; global_colors_info=&#8220;{}&#8220; sticky_enabled=&#8220;0&#8243; border_style_all=&#8220;none&#8220;][et_pb_fullwidth_header title=&#8220;Newsletter&#8220; background_overlay_color=&#8220;rgba(10,68,121,0.5)&#8220; content_max_width=&#8220;60%&#8220; content_max_width_tablet=&#8220;100%&#8220; content_max_width_phone=&#8220;100%&#8220; content_max_width_last_edited=&#8220;on|phone&#8220; _builder_version=&#8220;4.27.4&#8243; _module_preset=&#8220;default&#8220; title_font_size=&#8220;80px&#8220; title_letter_spacing=&#8220;-1px&#8220; title_line_height=&#8220;1.2em&#8220; content_font=&#8220;Open Sans||||||||&#8220; content_font_size=&#8220;17px&#8220; background_enable_color=&#8220;off&#8220; background_enable_image=&#8220;off&#8220; parallax=&#8220;on&#8220; custom_button_one=&#8220;on&#8220; button_one_text_size=&#8220;16px&#8220; button_one_text_color=&#8220;#ffffff&#8220; button_one_border_width=&#8220;2px&#8220; button_one_border_radius=&#8220;5px&#8220; button_one_letter_spacing=&#8220;1px&#8220; button_one_font=&#8220;Open Sans|||on|||||&#8220; button_one_icon=&#8220;&#xe09a;||divi||400&#8243; button_one_on_hover=&#8220;off&#8220; button_one_custom_margin_tablet=&#8220;&#8220; button_one_custom_margin_phone=&#8220;&#8220; button_one_custom_margin_last_edited=&#8220;on|desktop&#8220; button_one_custom_padding=&#8220;|30px||10px|false|false&#8220; button_one_custom_padding_tablet=&#8220;&#8220; button_one_custom_padding_phone=&#8220;&#8220; button_one_custom_padding_last_edited=&#8220;on|desktop&#8220; custom_margin=&#8220;|||0px|false|false&#8220; custom_margin_tablet=&#8220;|||-47px|false|false&#8220; custom_margin_phone=&#8220;|||-87px|false|false&#8220; custom_margin_last_edited=&#8220;on|phone&#8220; custom_padding=&#8220;4vw|0px|4vw|0px|false|false&#8220; custom_padding_tablet=&#8220;&#8220; custom_padding_phone=&#8220;&#8220; custom_padding_last_edited=&#8220;on|phone&#8220; hover_enabled=&#8220;0&#8243; title_font_size_tablet=&#8220;70px&#8220; title_font_size_phone=&#8220;45px&#8220; title_font_size_last_edited=&#8220;on|phone&#8220; content_font_size_tablet=&#8220;&#8220; content_font_size_phone=&#8220;16px&#8220; content_font_size_last_edited=&#8220;on|desktop&#8220; content_line_height_tablet=&#8220;&#8220; content_line_height_phone=&#8220;1.6em&#8220; content_line_height_last_edited=&#8220;on|phone&#8220; title_text_shadow_style=&#8220;preset3&#8243; content_text_shadow_style=&#8220;preset3&#8243; button_one_text_shadow_style=&#8220;preset3&#8243; global_colors_info=&#8220;{}&#8220; button_one_custom_padding__hover_enabled=&#8220;on|desktop&#8220; button_one_custom_margin__hover_enabled=&#8220;on|desktop&#8220; button_one_custom_margin__hover=&#8220;||0px||false|false&#8220; button_one_custom_padding__hover=&#8220;|30px|||false|false&#8220; content_line_height__hover_enabled=&#8220;off|desktop&#8220; sticky_enabled=&#8220;0&#8243;]<\/p>\n<p>&nbsp;<\/p>\n<p>&nbsp;<\/p>\n<p>&nbsp;<\/p>\n<p>[\/et_pb_fullwidth_header][\/et_pb_section][et_pb_section fb_built=&#8220;1&#8243; _builder_version=&#8220;4.27.4&#8243; _module_preset=&#8220;default&#8220; background_color=&#8220;#f7f7f7&#8243; hover_enabled=&#8220;0&#8243; global_colors_info=&#8220;{}&#8220; custom_padding=&#8220;|5px||||&#8220; sticky_enabled=&#8220;0&#8243; border_style_all=&#8220;none&#8220;][et_pb_row _builder_version=&#8220;4.27.4&#8243; _module_preset=&#8220;default&#8220; hover_enabled=&#8220;0&#8243; global_colors_info=&#8220;{}&#8220; module_alignment=&#8220;center&#8220; sticky_enabled=&#8220;0&#8243;][et_pb_column type=&#8220;4_4&#8243; _builder_version=&#8220;4.16&#8243; _module_preset=&#8220;default&#8220; global_colors_info=&#8220;{}&#8220;][et_pb_cta title=&#8220;Werde Teil unserer Newsletter-Community&#8220; button_url=&#8220;#&#8220; button_text=&#8220;Jetzt Informieren&#8220; admin_label=&#8220;Feature 01&#8243; _builder_version=&#8220;4.27.4&#8243; header_font=&#8220;||||||||&#8220; header_text_color=&#8220;#141410&#8243; header_font_size=&#8220;38px&#8220; header_letter_spacing=&#8220;-1px&#8220; header_line_height=&#8220;1.4em&#8220; body_font=&#8220;Open Sans||||||||&#8220; body_text_color=&#8220;#141410&#8243; body_line_height=&#8220;1.8em&#8220; use_background_color=&#8220;off&#8220; custom_button=&#8220;on&#8220; button_text_size=&#8220;0px&#8220; button_text_color=&#8220;#ffffff&#8220; button_bg_color=&#8220;rgba(0,0,0,0)&#8220; button_border_width=&#8220;0px&#8220; button_border_color=&#8220;#6eba01&#8243; button_border_radius=&#8220;0&#8243; button_letter_spacing=&#8220;2&#8243; button_font=&#8220;Montserrat|||on|&#8220; button_use_icon=&#8220;off&#8220; background_layout=&#8220;light&#8220; max_width=&#8220;90%&#8220; max_width_tablet=&#8220;100%&#8220; max_width_phone=&#8220;100%&#8220; max_width_last_edited=&#8220;on|tablet&#8220; module_alignment=&#8220;center&#8220; custom_margin=&#8220;|||0px|false|false&#8220; custom_margin_tablet=&#8220;|0px||0px|false|false&#8220; custom_margin_phone=&#8220;&#8220; custom_margin_last_edited=&#8220;on|phone&#8220; custom_padding=&#8220;30px|||50px|false|false&#8220; custom_padding_tablet=&#8220;|0px||0px|false|false&#8220; custom_padding_phone=&#8220;|0px||0px|false|false&#8220; custom_padding_last_edited=&#8220;on|phone&#8220; animation_direction=&#8220;bottom&#8220; hover_enabled=&#8220;0&#8243; header_font_size_tablet=&#8220;32px&#8220; header_font_size_phone=&#8220;32px&#8220; header_font_size_last_edited=&#8220;on|phone&#8220; button_text_color_hover=&#8220;#6eba01&#8243; button_border_color_hover=&#8220;#6eba01&#8243; button_border_radius_hover=&#8220;0&#8243; button_letter_spacing_hover=&#8220;2&#8243; button_bg_color_hover=&#8220;rgba(0,0,0,0)&#8220; saved_tabs=&#8220;all&#8220; locked=&#8220;off&#8220; global_colors_info=&#8220;{}&#8220; button_text_size__hover_enabled=&#8220;off&#8220; button_one_text_size__hover_enabled=&#8220;off&#8220; button_two_text_size__hover_enabled=&#8220;off&#8220; button_text_color__hover_enabled=&#8220;on&#8220; button_text_color__hover=&#8220;#6eba01&#8243; button_one_text_color__hover_enabled=&#8220;off&#8220; button_two_text_color__hover_enabled=&#8220;off&#8220; button_border_width__hover_enabled=&#8220;off&#8220; button_one_border_width__hover_enabled=&#8220;off&#8220; button_two_border_width__hover_enabled=&#8220;off&#8220; button_border_color__hover_enabled=&#8220;on&#8220; button_border_color__hover=&#8220;#6eba01&#8243; button_one_border_color__hover_enabled=&#8220;off&#8220; button_two_border_color__hover_enabled=&#8220;off&#8220; button_border_radius__hover_enabled=&#8220;on&#8220; button_border_radius__hover=&#8220;0&#8243; button_one_border_radius__hover_enabled=&#8220;off&#8220; button_two_border_radius__hover_enabled=&#8220;off&#8220; button_letter_spacing__hover_enabled=&#8220;on&#8220; button_letter_spacing__hover=&#8220;2&#8243; button_one_letter_spacing__hover_enabled=&#8220;off&#8220; button_two_letter_spacing__hover_enabled=&#8220;off&#8220; button_bg_color__hover_enabled=&#8220;on&#8220; button_bg_color__hover=&#8220;rgba(0,0,0,0)&#8220; button_one_bg_color__hover_enabled=&#8220;off&#8220; button_two_bg_color__hover_enabled=&#8220;off&#8220; sticky_enabled=&#8220;0&#8243;]<\/p>\n<p>Tauche ein in die Welt von Magnospira und entdecke wertvolle Tipps f\u00fcr ein gesundes und achtsames Leben. Tritt ein in ein neues Universum, welches Dir wertvolle Erkenntnisse f\u00fcr dein Leben bringt. Mit unserem Newsletter erh\u00e4ltst du die neuesten Erkenntnisse und Trends direkt in dein Postfach. Schlie\u00dfe dich uns an und verpasse keine wichtigen Updates mehr.<\/p>\n<p>[\/et_pb_cta][et_pb_cta button_url=&#8220;#&#8220; admin_label=&#8220;Feature 01&#8243; _builder_version=&#8220;4.27.4&#8243; header_font=&#8220;||||||||&#8220; header_text_color=&#8220;#141410&#8243; header_font_size=&#8220;38px&#8220; header_letter_spacing=&#8220;-1px&#8220; header_line_height=&#8220;1.4em&#8220; body_font=&#8220;Open Sans||on||||||&#8220; body_text_color=&#8220;#2dacdc&#8220; body_font_size=&#8220;19px&#8220; body_line_height=&#8220;1.8em&#8220; use_background_color=&#8220;off&#8220; custom_button=&#8220;on&#8220; button_text_size=&#8220;0px&#8220; button_text_color=&#8220;#ffffff&#8220; button_bg_color=&#8220;rgba(0,0,0,0)&#8220; button_border_width=&#8220;0px&#8220; button_border_color=&#8220;#6eba01&#8243; button_border_radius=&#8220;0&#8243; button_letter_spacing=&#8220;2&#8243; button_font=&#8220;Montserrat|||on|&#8220; button_use_icon=&#8220;off&#8220; background_layout=&#8220;light&#8220; max_width=&#8220;70%&#8220; max_width_tablet=&#8220;90%&#8220; max_width_phone=&#8220;100%&#8220; max_width_last_edited=&#8220;on|desktop&#8220; module_alignment=&#8220;center&#8220; custom_margin=&#8220;|||&#8220; custom_padding=&#8220;|||&#8220; animation_direction=&#8220;bottom&#8220; hover_enabled=&#8220;0&#8243; header_font_size_tablet=&#8220;32px&#8220; header_font_size_phone=&#8220;32px&#8220; header_font_size_last_edited=&#8220;on|phone&#8220; button_text_color_hover=&#8220;#6eba01&#8243; button_border_color_hover=&#8220;#6eba01&#8243; button_border_radius_hover=&#8220;0&#8243; button_letter_spacing_hover=&#8220;2&#8243; button_bg_color_hover=&#8220;rgba(0,0,0,0)&#8220; saved_tabs=&#8220;all&#8220; locked=&#8220;off&#8220; global_colors_info=&#8220;{}&#8220; button_text_size__hover_enabled=&#8220;off&#8220; button_one_text_size__hover_enabled=&#8220;off&#8220; button_two_text_size__hover_enabled=&#8220;off&#8220; button_text_color__hover_enabled=&#8220;on&#8220; button_text_color__hover=&#8220;#6eba01&#8243; button_one_text_color__hover_enabled=&#8220;off&#8220; button_two_text_color__hover_enabled=&#8220;off&#8220; button_border_width__hover_enabled=&#8220;off&#8220; button_one_border_width__hover_enabled=&#8220;off&#8220; button_two_border_width__hover_enabled=&#8220;off&#8220; button_border_color__hover_enabled=&#8220;on&#8220; button_border_color__hover=&#8220;#6eba01&#8243; button_one_border_color__hover_enabled=&#8220;off&#8220; button_two_border_color__hover_enabled=&#8220;off&#8220; button_border_radius__hover_enabled=&#8220;on&#8220; button_border_radius__hover=&#8220;0&#8243; button_one_border_radius__hover_enabled=&#8220;off&#8220; button_two_border_radius__hover_enabled=&#8220;off&#8220; button_letter_spacing__hover_enabled=&#8220;on&#8220; button_letter_spacing__hover=&#8220;2&#8243; button_one_letter_spacing__hover_enabled=&#8220;off&#8220; button_two_letter_spacing__hover_enabled=&#8220;off&#8220; button_bg_color__hover_enabled=&#8220;on&#8220; button_bg_color__hover=&#8220;rgba(0,0,0,0)&#8220; button_one_bg_color__hover_enabled=&#8220;off&#8220; button_two_bg_color__hover_enabled=&#8220;off&#8220; sticky_enabled=&#8220;0&#8243;]<\/p>\n<p>Unterst\u00fctze Deine Gesundheit mit unseren Informationen zu deinem Mikrobiom und deiner Gesundheit<\/p>\n<p>[\/et_pb_cta][\/et_pb_column][\/et_pb_row][et_pb_row _builder_version=&#8220;4.27.4&#8243; _module_preset=&#8220;default&#8220; hover_enabled=&#8220;0&#8243; global_colors_info=&#8220;{}&#8220; custom_padding=&#8220;||||false|false&#8220; custom_margin=&#8220;|292px||auto|false|false&#8220; module_alignment=&#8220;center&#8220; sticky_enabled=&#8220;0&#8243; background_color=&#8220;RGBA(255,255,255,0)&#8220; width=&#8220;100%&#8220; max_width=&#8220;690px&#8220; border_style_all=&#8220;none&#8220; min_height=&#8220;235.7px&#8220;][et_pb_column type=&#8220;4_4&#8243; _builder_version=&#8220;4.27.4&#8243; _module_preset=&#8220;default&#8220; global_colors_info=&#8220;{}&#8220;][et_pb_code _builder_version=&#8220;4.27.4&#8243; _module_preset=&#8220;default&#8220; min_height=&#8220;0px&#8220; hover_enabled=&#8220;0&#8243; global_colors_info=&#8220;{}&#8220; sticky_enabled=&#8220;0&#8243; custom_css_free_form=&#8220;\/* Basis: Schrift immer wei\u00df, weiche \u00dcberg\u00e4nge *\/||selector button.kajabi-form__btn {||    color: #ffffff !important;||    transition:||        transform 150ms ease-out,||        filter 150ms ease-out,||        box-shadow 150ms ease-out,||        opacity 150ms ease-out;||}||||\/* Hover: klar sichtbar \u2013 gr\u00f6\u00dfer, heller, Schatten *\/||selector button.kajabi-form__btn:hover {||    transform: scale(1.06) translateY(-1px);||    filter: brightness(1.10);||    box-shadow: 0 12px 26px rgba(0, 0, 0, 0.22);||}||||\/* Klick: Button dr\u00fcckt sich sp\u00fcrbar ein *\/||selector button.kajabi-form__btn:active {||    transform: scale(0.92) translateY(0);||    opacity: 0.9;||    box-shadow: 0 4px 10px rgba(0, 0, 0, 0.18);||}||\/* Hintergrund und Padding entfernen *\/||selector .kajabi-form,||selector .form-container,||selector .kajabi-form&#8211;wrapper {||    background: transparent !important;||    box-shadow: none !important;||    border: none !important;||    padding: 0 !important;||}||||\/* Formularbreite zentrieren *\/||selector .kajabi-form {||    max-width: 480px;||    margin: 0 auto !important;||}||||\/* Input-Felder \u00e4sthetisch gl\u00e4tten *\/||selector input {||    border-radius: 10px !important;||    border: 1px solid rgba(0,0,0,0.1) !important;||    background: rgba(255,255,255,0.7) !important;||    padding: 14px !important;||    font-size: 16px !important;||}||||\/* Input-Felder Hover *\/||selector input:hover {||    border-color: rgba(0,0,0,0.2) !important;||}||||\/* Button: Basis *\/||selector button.kajabi-form__btn {||    color: #ffffff !important;||    border-radius: 10px !important;||    padding: 14px 22px !important;||    font-size: 16px !important;||    font-weight: 500;||    background: linear-gradient(90deg, #5fa8d3, #468fcc);||    transition:||        transform 150ms ease-out,||        filter 150ms ease-out,||        box-shadow 150ms ease-out,||        opacity 150ms ease-out;||}||||\/* Button: Hover *\/||selector button.kajabi-form__btn:hover {||    transform: scale(1.06) translateY(-1px);||    filter: brightness(1.10);||    box-shadow: 0 12px 26px rgba(0,0,0,0.22);||}||||\/* Button: Klick *\/||selector button.kajabi-form__btn:active {||    transform: scale(0.92) translateY(0);||    opacity: 0.9;||    box-shadow: 0 4px 10px rgba(0,0,0,0.18);||}&#8220; width=&#8220;65%&#8220; module_alignment=&#8220;center&#8220; background_color=&#8220;RGBA(255,255,255,0)&#8220; border_style_all=&#8220;none&#8220;]<script src=https:\/\/portal.bacteria.de\/forms\/2149063466\/embed.js><\/script><!-- [et_pb_line_break_holder] -->[\/et_pb_code][et_pb_text _builder_version=&#8220;4.27.4&#8243; _module_preset=&#8220;default&#8220; hover_enabled=&#8220;0&#8243; sticky_enabled=&#8220;0&#8243; text_text_color=&#8220;#2DACDC&#8220; header_text_color=&#8220;#2DACDC&#8220; text_font=&#8220;&#8211;et_global_heading_font||||||||&#8220; text_orientation=&#8220;center&#8220; header_2_text_color=&#8220;#2DACDC&#8220; border_style_all=&#8220;none&#8220; custom_padding=&#8220;77px|7px|6px|70px|false|false&#8220; width=&#8220;100%&#8220; custom_margin=&#8220;|-59px||||&#8220;]<\/p>\n<h2 style=\"text-align: center;\">Melde Dich an und sei dabei!<\/h2>\n<p>[\/et_pb_text][\/et_pb_column][\/et_pb_row][\/et_pb_section][et_pb_section fb_built=&#8220;1&#8243; theme_builder_area=&#8220;post_content&#8220; _builder_version=&#8220;4.27.4&#8243; _module_preset=&#8220;default&#8220; background_color=&#8220;#f7f7f7&#8243; hover_enabled=&#8220;0&#8243; sticky_enabled=&#8220;0&#8243;][et_pb_row _builder_version=&#8220;4.27.4&#8243; _module_preset=&#8220;default&#8220; theme_builder_area=&#8220;post_content&#8220; min_height=&#8220;174.6px&#8220; background_color=&#8220;RGBA(255,255,255,0)&#8220; hover_enabled=&#8220;0&#8243; sticky_enabled=&#8220;0&#8243;][et_pb_column _builder_version=&#8220;4.27.4&#8243; _module_preset=&#8220;default&#8220; type=&#8220;4_4&#8243; theme_builder_area=&#8220;post_content&#8220;][\/et_pb_column][\/et_pb_row][\/et_pb_section]<\/p>\n","protected":false},"excerpt":{"rendered":"<p>&nbsp; &nbsp; &nbsp;Tauche ein in die Welt von Magnospira und entdecke wertvolle Tipps f\u00fcr ein gesundes und achtsames Leben. Tritt ein in ein neues Universum, welches Dir wertvolle Erkenntnisse f\u00fcr dein Leben bringt. Mit unserem Newsletter erh\u00e4ltst du die neuesten Erkenntnisse und Trends direkt in dein Postfach. Schlie\u00dfe dich uns an und verpasse keine wichtigen Updates mehr.Unterst\u00fctze Deine Gesundheit mit unseren Informationen zu deinem Mikrobiom und deiner GesundheitMelde Dich an und sei dabei!<\/p>\n","protected":false},"author":3,"featured_media":0,"parent":0,"menu_order":0,"comment_status":"closed","ping_status":"closed","template":"","meta":{"_et_pb_use_builder":"on","_et_pb_old_content":"","_et_gb_content_width":"","footnotes":""},"class_list":["post-5895","page","type-page","status-publish","hentry"],"_links":{"self":[{"href":"https:\/\/bacteria.de\/de\/wp-json\/wp\/v2\/pages\/5895","targetHints":{"allow":["GET"]}}],"collection":[{"href":"https:\/\/bacteria.de\/de\/wp-json\/wp\/v2\/pages"}],"about":[{"href":"https:\/\/bacteria.de\/de\/wp-json\/wp\/v2\/types\/page"}],"author":[{"embeddable":true,"href":"https:\/\/bacteria.de\/de\/wp-json\/wp\/v2\/users\/3"}],"replies":[{"embeddable":true,"href":"https:\/\/bacteria.de\/de\/wp-json\/wp\/v2\/comments?post=5895"}],"version-history":[{"count":0,"href":"https:\/\/bacteria.de\/de\/wp-json\/wp\/v2\/pages\/5895\/revisions"}],"wp:attachment":[{"href":"https:\/\/bacteria.de\/de\/wp-json\/wp\/v2\/media?parent=5895"}],"curies":[{"name":"wp","href":"https:\/\/api.w.org\/{rel}","templated":true}]}}