{"id":4182,"date":"2022-01-10T14:12:38","date_gmt":"2022-01-10T13:12:38","guid":{"rendered":"https:\/\/bacteria.de\/?page_id=4182"},"modified":"2024-09-12T13:40:43","modified_gmt":"2024-09-12T11:40:43","slug":"abonnement","status":"publish","type":"page","link":"https:\/\/bacteria.de\/de\/abonnement\/","title":{"rendered":"Abonnement"},"content":{"rendered":"<p>[et_pb_section fb_built=&#8220;1&#8243; fullwidth=&#8220;on&#8220; _builder_version=&#8220;4.16&#8243; _module_preset=&#8220;default&#8220; background_color=&#8220;rgba(0,0,0,0)&#8220; background_enable_image=&#8220;off&#8220; global_colors_info=&#8220;{}&#8220;][et_pb_fullwidth_header title=&#8220;Abonnement&#8220; background_overlay_color=&#8220;rgba(10,68,121,0.5)&#8220; content_max_width=&#8220;60%&#8220; content_max_width_tablet=&#8220;100%&#8220; content_max_width_phone=&#8220;100%&#8220; content_max_width_last_edited=&#8220;on|phone&#8220; _builder_version=&#8220;4.16&#8243; _module_preset=&#8220;default&#8220; title_font_size=&#8220;80px&#8220; title_letter_spacing=&#8220;-1px&#8220; title_line_height=&#8220;1.2em&#8220; content_font=&#8220;Open Sans||||||||&#8220; content_font_size=&#8220;17px&#8220; background_color=&#8220;rgba(0,0,0,0)&#8220; background_image=&#8220;https:\/\/bacteria.de\/wp-content\/uploads\/2022\/01\/glenn-carstens-peters-npxXWgQ33ZQ-unsplash.jpg&#8220; parallax=&#8220;on&#8220; custom_button_one=&#8220;on&#8220; button_one_text_size=&#8220;16px&#8220; button_one_text_color=&#8220;#ffffff&#8220; button_one_border_width=&#8220;2px&#8220; button_one_border_radius=&#8220;5px&#8220; button_one_letter_spacing=&#8220;1px&#8220; button_one_font=&#8220;Open Sans|||on|||||&#8220; button_one_icon=&#8220;&#xe09a;||divi||400&#8243; button_one_on_hover=&#8220;off&#8220; button_one_custom_margin_tablet=&#8220;&#8220; button_one_custom_margin_phone=&#8220;&#8220; button_one_custom_margin_last_edited=&#8220;on|desktop&#8220; button_one_custom_padding=&#8220;|30px||10px|false|false&#8220; button_one_custom_padding_tablet=&#8220;&#8220; button_one_custom_padding_phone=&#8220;&#8220; button_one_custom_padding_last_edited=&#8220;on|desktop&#8220; custom_margin=&#8220;|||0px|false|false&#8220; custom_margin_tablet=&#8220;|||-47px|false|false&#8220; custom_margin_phone=&#8220;|||-87px|false|false&#8220; custom_margin_last_edited=&#8220;on|phone&#8220; custom_padding=&#8220;4vw|0px|0vw|0px|false|false&#8220; custom_padding_tablet=&#8220;&#8220; custom_padding_phone=&#8220;&#8220; custom_padding_last_edited=&#8220;on|phone&#8220; title_font_size_tablet=&#8220;70px&#8220; title_font_size_phone=&#8220;45px&#8220; title_font_size_last_edited=&#8220;on|phone&#8220; content_font_size_tablet=&#8220;&#8220; content_font_size_phone=&#8220;16px&#8220; content_font_size_last_edited=&#8220;on|desktop&#8220; content_line_height_tablet=&#8220;&#8220; content_line_height_phone=&#8220;1.6em&#8220; content_line_height_last_edited=&#8220;on|phone&#8220; title_text_shadow_style=&#8220;preset3&#8243; content_text_shadow_style=&#8220;preset3&#8243; button_one_text_shadow_style=&#8220;preset3&#8243; global_colors_info=&#8220;{}&#8220; button_one_custom_padding__hover_enabled=&#8220;on|desktop&#8220; button_one_custom_margin__hover_enabled=&#8220;on|desktop&#8220; button_one_custom_margin__hover=&#8220;||0px||false|false&#8220; button_one_custom_padding__hover=&#8220;|30px|||false|false&#8220; content_line_height__hover_enabled=&#8220;off|desktop&#8220;]<\/p>\n<p>&nbsp;<\/p>\n<p>&nbsp;<\/p>\n<p>&nbsp;<\/p>\n<p>[\/et_pb_fullwidth_header][\/et_pb_section][et_pb_section fb_built=&#8220;1&#8243; _builder_version=&#8220;4.16&#8243; _module_preset=&#8220;default&#8220; background_color=&#8220;rgba(0,0,0,0.03)&#8220; global_colors_info=&#8220;{}&#8220;][et_pb_row _builder_version=&#8220;4.16&#8243; _module_preset=&#8220;default&#8220; global_colors_info=&#8220;{}&#8220;][et_pb_column type=&#8220;4_4&#8243; _builder_version=&#8220;4.16&#8243; _module_preset=&#8220;default&#8220; global_colors_info=&#8220;{}&#8220;][et_pb_cta title=&#8220;Was ist das? &#8220; button_url=&#8220;#&#8220; button_text=&#8220;Read More&#8220; admin_label=&#8220;Feature 01&#8243; _builder_version=&#8220;4.16&#8243; header_font=&#8220;||||||||&#8220; header_text_color=&#8220;#141410&#8243; header_font_size=&#8220;38px&#8220; header_letter_spacing=&#8220;-1px&#8220; header_line_height=&#8220;1.4em&#8220; body_font=&#8220;Open Sans||||||||&#8220; body_text_color=&#8220;#141410&#8243; body_line_height=&#8220;1.8em&#8220; use_background_color=&#8220;off&#8220; custom_button=&#8220;on&#8220; button_text_size=&#8220;0px&#8220; button_text_color=&#8220;#ffffff&#8220; button_bg_color=&#8220;rgba(0,0,0,0)&#8220; button_border_width=&#8220;0px&#8220; button_border_color=&#8220;#6eba01&#8243; button_border_radius=&#8220;0&#8243; button_letter_spacing=&#8220;2&#8243; button_font=&#8220;Montserrat|||on|&#8220; button_use_icon=&#8220;off&#8220; text_orientation=&#8220;left&#8220; background_layout=&#8220;light&#8220; max_width=&#8220;90%&#8220; max_width_tablet=&#8220;100%&#8220; max_width_phone=&#8220;100%&#8220; max_width_last_edited=&#8220;on|tablet&#8220; module_alignment=&#8220;left&#8220; min_height=&#8220;250px&#8220; custom_margin=&#8220;|||0px|false|false&#8220; custom_margin_tablet=&#8220;|0px||0px|false|false&#8220; custom_margin_phone=&#8220;&#8220; custom_margin_last_edited=&#8220;on|phone&#8220; custom_padding=&#8220;62px|||50px|false|false&#8220; custom_padding_tablet=&#8220;|0px||0px|false|false&#8220; custom_padding_phone=&#8220;|0px||0px|false|false&#8220; custom_padding_last_edited=&#8220;on|phone&#8220; animation_direction=&#8220;bottom&#8220; header_font_size_tablet=&#8220;32px&#8220; header_font_size_phone=&#8220;32px&#8220; header_font_size_last_edited=&#8220;on|phone&#8220; button_text_color_hover=&#8220;#6eba01&#8243; button_border_color_hover=&#8220;#6eba01&#8243; button_border_radius_hover=&#8220;0&#8243; button_letter_spacing_hover=&#8220;2&#8243; button_bg_color_hover=&#8220;rgba(0,0,0,0)&#8220; saved_tabs=&#8220;all&#8220; locked=&#8220;off&#8220; global_colors_info=&#8220;{}&#8220; button_text_size__hover_enabled=&#8220;off&#8220; button_one_text_size__hover_enabled=&#8220;off&#8220; button_two_text_size__hover_enabled=&#8220;off&#8220; button_text_color__hover_enabled=&#8220;on&#8220; button_text_color__hover=&#8220;#6eba01&#8243; button_one_text_color__hover_enabled=&#8220;off&#8220; button_two_text_color__hover_enabled=&#8220;off&#8220; button_border_width__hover_enabled=&#8220;off&#8220; button_one_border_width__hover_enabled=&#8220;off&#8220; button_two_border_width__hover_enabled=&#8220;off&#8220; button_border_color__hover_enabled=&#8220;on&#8220; button_border_color__hover=&#8220;#6eba01&#8243; button_one_border_color__hover_enabled=&#8220;off&#8220; button_two_border_color__hover_enabled=&#8220;off&#8220; button_border_radius__hover_enabled=&#8220;on&#8220; button_border_radius__hover=&#8220;0&#8243; button_one_border_radius__hover_enabled=&#8220;off&#8220; button_two_border_radius__hover_enabled=&#8220;off&#8220; button_letter_spacing__hover_enabled=&#8220;on&#8220; button_letter_spacing__hover=&#8220;2&#8243; button_one_letter_spacing__hover_enabled=&#8220;off&#8220; button_two_letter_spacing__hover_enabled=&#8220;off&#8220; button_bg_color__hover_enabled=&#8220;on&#8220; button_bg_color__hover=&#8220;rgba(0,0,0,0)&#8220; button_one_bg_color__hover_enabled=&#8220;off&#8220; button_two_bg_color__hover_enabled=&#8220;off&#8220;]<\/p>\n<p>Wir ver\u00f6ffentlichen regelm\u00e4\u00dfig auf der unabh\u00e4ngigen journalistischen Plattform <a href=\"https:\/\/bacteria.substack.com\" target=\"_blank\" rel=\"noopener\">Substack<\/a> einen Beitrag, der sich mit den Auswirkungen der Bakterien auf unser Leben besch\u00e4ftigt und wie wir mit ihrer Hilfe nicht nur die Gesundheit, sondern auch die Lebensqualit\u00e4t steigern k\u00f6nnen. Diese Beitr\u00e4ge k\u00f6nnen kostenlos abonniert werden.<\/p>\n<p>[\/et_pb_cta][\/et_pb_column][\/et_pb_row][et_pb_row column_structure=&#8220;1_2,1_2&#8243; _builder_version=&#8220;4.16&#8243; width=&#8220;70%&#8220; width_tablet=&#8220;&#8220; width_phone=&#8220;&#8220; width_last_edited=&#8220;on|phone&#8220; max_width=&#8220;1680px&#8220; module_alignment=&#8220;center&#8220; custom_margin=&#8220;|||&#8220; custom_padding=&#8220;|||&#8220; animation_style=&#8220;slide&#8220; animation_direction=&#8220;bottom&#8220; animation_duration=&#8220;300ms&#8220; animation_intensity_slide=&#8220;1%&#8220; global_colors_info=&#8220;{}&#8220; width__hover_enabled=&#8220;on|desktop&#8220; width__hover=&#8220;70%&#8220;][et_pb_column type=&#8220;1_2&#8243; _builder_version=&#8220;4.16&#8243; background_color=&#8220;#2dacdc&#8220; background_color_gradient_direction=&#8220;115deg&#8220; custom_padding=&#8220;|||&#8220; global_colors_info=&#8220;{}&#8220; custom_padding__hover=&#8220;|||&#8220;][et_pb_image src=&#8220;https:\/\/bacteria.de\/wp-content\/uploads\/2022\/01\/05_Snaidr_FT2018.jpg&#8220; title_text=&#8220;05_Snaidr_FT2018&#8243; align=&#8220;center&#8220; _builder_version=&#8220;4.16&#8243; custom_margin=&#8220;-20px|20px|20px|-20px|false|false&#8220; custom_padding=&#8220;||||false|false&#8220; animation_direction=&#8220;right&#8220; box_shadow_style=&#8220;preset3&#8243; box_shadow_horizontal=&#8220;13px&#8220; box_shadow_vertical=&#8220;42px&#8220; box_shadow_blur=&#8220;45px&#8220; box_shadow_spread=&#8220;-3px&#8220; box_shadow_color=&#8220;rgba(0,0,0,0)&#8220; always_center_on_mobile=&#8220;off&#8220; global_colors_info=&#8220;{}&#8220;][\/et_pb_image][\/et_pb_column][et_pb_column type=&#8220;1_2&#8243; _builder_version=&#8220;4.16&#8243; background_color_gradient_direction=&#8220;35deg&#8220; custom_padding=&#8220;|0px||0px|false|false&#8220; global_colors_info=&#8220;{}&#8220; custom_padding__hover=&#8220;|||&#8220;][et_pb_cta title=&#8220;Autor&#8220; button_url=&#8220;#&#8220; button_text=&#8220;Read More&#8220; admin_label=&#8220;Feature 01&#8243; _builder_version=&#8220;4.18.0&#8243; header_font=&#8220;||||||||&#8220; header_text_color=&#8220;#141410&#8243; header_font_size=&#8220;38px&#8220; header_letter_spacing=&#8220;-1px&#8220; header_line_height=&#8220;1.4em&#8220; body_font=&#8220;Open Sans||||||||&#8220; body_text_color=&#8220;#141410&#8243; body_line_height=&#8220;1.8em&#8220; use_background_color=&#8220;off&#8220; custom_button=&#8220;on&#8220; button_text_size=&#8220;0px&#8220; button_text_color=&#8220;#ffffff&#8220; button_bg_color=&#8220;rgba(0,0,0,0)&#8220; button_border_width=&#8220;0px&#8220; button_border_color=&#8220;#6eba01&#8243; button_border_radius=&#8220;0&#8243; button_letter_spacing=&#8220;2&#8243; button_font=&#8220;Montserrat|||on|&#8220; button_use_icon=&#8220;off&#8220; text_orientation=&#8220;left&#8220; background_layout=&#8220;light&#8220; max_width=&#8220;90%&#8220; max_width_tablet=&#8220;100%&#8220; max_width_phone=&#8220;100%&#8220; max_width_last_edited=&#8220;on|tablet&#8220; module_alignment=&#8220;left&#8220; custom_margin=&#8220;|||0px|false|false&#8220; custom_margin_tablet=&#8220;|0px||0px|false|false&#8220; custom_margin_phone=&#8220;&#8220; custom_margin_last_edited=&#8220;on|phone&#8220; custom_padding=&#8220;100px|||50px|false|false&#8220; custom_padding_tablet=&#8220;|0px||0px|false|false&#8220; custom_padding_phone=&#8220;|0px||0px|false|false&#8220; custom_padding_last_edited=&#8220;on|phone&#8220; animation_direction=&#8220;bottom&#8220; header_font_size_tablet=&#8220;32px&#8220; header_font_size_phone=&#8220;32px&#8220; header_font_size_last_edited=&#8220;on|phone&#8220; button_text_color_hover=&#8220;#6eba01&#8243; button_border_color_hover=&#8220;#6eba01&#8243; button_border_radius_hover=&#8220;0&#8243; button_letter_spacing_hover=&#8220;2&#8243; button_bg_color_hover=&#8220;rgba(0,0,0,0)&#8220; saved_tabs=&#8220;all&#8220; locked=&#8220;off&#8220; global_colors_info=&#8220;{}&#8220; button_text_size__hover_enabled=&#8220;off&#8220; button_one_text_size__hover_enabled=&#8220;off&#8220; button_two_text_size__hover_enabled=&#8220;off&#8220; button_text_color__hover_enabled=&#8220;on&#8220; button_text_color__hover=&#8220;#6eba01&#8243; button_one_text_color__hover_enabled=&#8220;off&#8220; button_two_text_color__hover_enabled=&#8220;off&#8220; button_border_width__hover_enabled=&#8220;off&#8220; button_one_border_width__hover_enabled=&#8220;off&#8220; button_two_border_width__hover_enabled=&#8220;off&#8220; button_border_color__hover_enabled=&#8220;on&#8220; button_border_color__hover=&#8220;#6eba01&#8243; button_one_border_color__hover_enabled=&#8220;off&#8220; button_two_border_color__hover_enabled=&#8220;off&#8220; button_border_radius__hover_enabled=&#8220;on&#8220; button_border_radius__hover=&#8220;0&#8243; button_one_border_radius__hover_enabled=&#8220;off&#8220; button_two_border_radius__hover_enabled=&#8220;off&#8220; button_letter_spacing__hover_enabled=&#8220;on&#8220; button_letter_spacing__hover=&#8220;2&#8243; button_one_letter_spacing__hover_enabled=&#8220;off&#8220; button_two_letter_spacing__hover_enabled=&#8220;off&#8220; button_bg_color__hover_enabled=&#8220;on&#8220; button_bg_color__hover=&#8220;rgba(0,0,0,0)&#8220; button_one_bg_color__hover_enabled=&#8220;off&#8220; button_two_bg_color__hover_enabled=&#8220;off&#8220;]<\/p>\n<p>Geschrieben werden sie direkt von unserem Mikrobiologen <a href=\"https:\/\/bacteria.de\/ueber-uns\/\">Dr. Jiri Snaidr<\/a> unter dem Autorennamen Magnospira. Jiri bringt Dir darin die Welt der Bakterien und wie sie sich auf unser Leben auswirkt, n\u00e4her. Mit Hilfe der Bakterien, einer ausgewogenen Ern\u00e4hrung und einer guten Prise Achtsamkeit, kann ma\u00dfgeblich Deine Gesundheit, Dein Wohlergehen und Deine Zufriedenheit gesteigert werden. Dabei stellt er immer den Link zwischen Mikrobiologie und Gesundheit her, damit Du auch etwas Praktisches aus dieser Information f\u00fcr Dein Leben und f\u00fcr Deinen Alltag herausziehen kannst. Auch flie\u00dfen pers\u00f6nliche Anekdoten und seine Meinung mit ein.<\/p>\n<p>[\/et_pb_cta][\/et_pb_column][\/et_pb_row][\/et_pb_section][et_pb_section fb_built=&#8220;1&#8243; _builder_version=&#8220;4.16&#8243; _module_preset=&#8220;default&#8220; background_color=&#8220;rgba(0,0,0,0.03)&#8220; global_colors_info=&#8220;{}&#8220;][et_pb_row _builder_version=&#8220;4.16&#8243; _module_preset=&#8220;default&#8220; global_colors_info=&#8220;{}&#8220;][et_pb_column type=&#8220;4_4&#8243; _builder_version=&#8220;4.16&#8243; _module_preset=&#8220;default&#8220; global_colors_info=&#8220;{}&#8220;][et_pb_cta title=&#8220;Die Beitr\u00e4ge befassen sich mit folgenden Themen:&#8220; button_url=&#8220;#&#8220; button_text=&#8220;Read More&#8220; admin_label=&#8220;Feature 01&#8243; _builder_version=&#8220;4.18.0&#8243; header_font=&#8220;||||||||&#8220; header_text_color=&#8220;#FFFFFF&#8220; header_font_size=&#8220;38px&#8220; header_letter_spacing=&#8220;-1px&#8220; header_line_height=&#8220;1.4em&#8220; body_font=&#8220;Open Sans||||||||&#8220; body_text_color=&#8220;#FFFFFF&#8220; body_line_height=&#8220;1.8em&#8220; custom_button=&#8220;on&#8220; button_text_size=&#8220;0px&#8220; button_text_color=&#8220;#ffffff&#8220; button_bg_color=&#8220;rgba(0,0,0,0)&#8220; button_border_width=&#8220;0px&#8220; button_border_color=&#8220;#6eba01&#8243; button_border_radius=&#8220;0&#8243; button_letter_spacing=&#8220;2&#8243; button_font=&#8220;Montserrat|||on|&#8220; button_use_icon=&#8220;off&#8220; text_orientation=&#8220;left&#8220; background_layout=&#8220;light&#8220; max_width=&#8220;100%&#8220; max_width_tablet=&#8220;100%&#8220; max_width_phone=&#8220;100%&#8220; max_width_last_edited=&#8220;on|desktop&#8220; module_alignment=&#8220;left&#8220; custom_margin=&#8220;|||0px|false|false&#8220; custom_margin_tablet=&#8220;|0px||0px|false|false&#8220; custom_margin_phone=&#8220;&#8220; custom_margin_last_edited=&#8220;on|phone&#8220; custom_padding=&#8220;50px|50px|50px|50px|true|true&#8220; custom_padding_tablet=&#8220;30px|40px|30px|40px|true|true&#8220; custom_padding_phone=&#8220;10px|20px|10px|20px|true|true&#8220; custom_padding_last_edited=&#8220;on|tablet&#8220; animation_direction=&#8220;bottom&#8220; header_font_size_tablet=&#8220;32px&#8220; header_font_size_phone=&#8220;32px&#8220; header_font_size_last_edited=&#8220;on|phone&#8220; border_radii=&#8220;on|5px|5px|5px|5px&#8220; border_color_all=&#8220;#2DACDC&#8220; button_text_color_hover=&#8220;#6eba01&#8243; button_border_color_hover=&#8220;#6eba01&#8243; button_border_radius_hover=&#8220;0&#8243; button_letter_spacing_hover=&#8220;2&#8243; button_bg_color_hover=&#8220;rgba(0,0,0,0)&#8220; saved_tabs=&#8220;all&#8220; locked=&#8220;off&#8220; global_colors_info=&#8220;{}&#8220; button_text_size__hover_enabled=&#8220;off&#8220; button_one_text_size__hover_enabled=&#8220;off&#8220; button_two_text_size__hover_enabled=&#8220;off&#8220; button_text_color__hover_enabled=&#8220;on&#8220; button_text_color__hover=&#8220;#6eba01&#8243; button_one_text_color__hover_enabled=&#8220;off&#8220; button_two_text_color__hover_enabled=&#8220;off&#8220; button_border_width__hover_enabled=&#8220;off&#8220; button_one_border_width__hover_enabled=&#8220;off&#8220; button_two_border_width__hover_enabled=&#8220;off&#8220; button_border_color__hover_enabled=&#8220;on&#8220; button_border_color__hover=&#8220;#6eba01&#8243; button_one_border_color__hover_enabled=&#8220;off&#8220; button_two_border_color__hover_enabled=&#8220;off&#8220; button_border_radius__hover_enabled=&#8220;on&#8220; button_border_radius__hover=&#8220;0&#8243; button_one_border_radius__hover_enabled=&#8220;off&#8220; button_two_border_radius__hover_enabled=&#8220;off&#8220; button_letter_spacing__hover_enabled=&#8220;on&#8220; button_letter_spacing__hover=&#8220;2&#8243; button_one_letter_spacing__hover_enabled=&#8220;off&#8220; button_two_letter_spacing__hover_enabled=&#8220;off&#8220; button_bg_color__hover_enabled=&#8220;on&#8220; button_bg_color__hover=&#8220;rgba(0,0,0,0)&#8220; button_one_bg_color__hover_enabled=&#8220;off&#8220; button_two_bg_color__hover_enabled=&#8220;off&#8220;]<\/p>\n<p>&#8211; Wie beeinflussen die Mikroorganismen unser allt\u00e4gliches Leben?<\/p>\n<p>&#8211; Was sind Mythen \u00fcber Mikroorganismen und was sind Fakten?<\/p>\n<p>&#8211; Wie k\u00f6nnen wir mit Hilfe der Mikroorganismen unsere Gesundheit und unser Wohlbefinden verbessern?<\/p>\n<p>&#8211; Welche neuesten Erkenntnisse \u00fcber Mikroorganismen gibt es und was bedeuten diese f\u00fcr unseren Alltag?<\/p>\n<p>&#8211; Wie kann ich das Zusammenspiel mit meinen Mikroorganismen verbessern?<\/p>\n<p>&#8211; Wie kann ich den sch\u00e4dlichen Einfluss von manchen Mikroorganismen vermeiden und damit Krankheiten aus dem Weg gehen?<\/p>\n<p>[\/et_pb_cta][\/et_pb_column][\/et_pb_row][et_pb_row _builder_version=&#8220;4.18.0&#8243; _module_preset=&#8220;default&#8220; global_colors_info=&#8220;{}&#8220;][et_pb_column type=&#8220;4_4&#8243; _builder_version=&#8220;4.18.0&#8243; _module_preset=&#8220;default&#8220; global_colors_info=&#8220;{}&#8220;][\/et_pb_column][\/et_pb_row][et_pb_row _builder_version=&#8220;4.18.0&#8243; _module_preset=&#8220;default&#8220; global_colors_info=&#8220;{}&#8220;][et_pb_column type=&#8220;4_4&#8243; _builder_version=&#8220;4.18.0&#8243; _module_preset=&#8220;default&#8220; global_colors_info=&#8220;{}&#8220;][et_pb_button button_url=&#8220;https:\/\/bacteria.substack.com&#8220; button_text=&#8220;Abonniere kostenlos unter: https:\/\/bacteria.substack.com&#8220; button_alignment=&#8220;center&#8220; _builder_version=&#8220;4.18.0&#8243; _module_preset=&#8220;default&#8220; custom_button=&#8220;on&#8220; button_text_size=&#8220;25px&#8220; button_text_color=&#8220;#FFFFFF&#8220; button_bg_color=&#8220;#2DACDC&#8220; button_border_radius=&#8220;14px&#8220; button_font=&#8220;|700|||||||&#8220; global_colors_info=&#8220;{}&#8220;][\/et_pb_button][\/et_pb_column][\/et_pb_row][et_pb_row _builder_version=&#8220;4.18.0&#8243; _module_preset=&#8220;default&#8220; global_colors_info=&#8220;{}&#8220;][et_pb_column type=&#8220;4_4&#8243; _builder_version=&#8220;4.18.0&#8243; _module_preset=&#8220;default&#8220; global_colors_info=&#8220;{}&#8220;][\/et_pb_column][\/et_pb_row][\/et_pb_section]<\/p>\n","protected":false},"excerpt":{"rendered":"<p>&nbsp; &nbsp; &nbsp;Wir ver\u00f6ffentlichen regelm\u00e4\u00dfig auf der unabh\u00e4ngigen journalistischen Plattform Substack einen Beitrag, der sich mit den Auswirkungen der Bakterien auf unser Leben besch\u00e4ftigt und wie wir mit ihrer Hilfe nicht nur die Gesundheit, sondern auch die Lebensqualit\u00e4t steigern k\u00f6nnen. Diese Beitr\u00e4ge k\u00f6nnen kostenlos abonniert werden.Geschrieben werden sie direkt von unserem Mikrobiologen Dr. Jiri Snaidr unter dem Autorennamen Magnospira. Jiri bringt Dir darin die Welt der Bakterien und wie sie sich auf unser Leben auswirkt, n\u00e4her. Mit Hilfe der Bakterien, einer ausgewogenen Ern\u00e4hrung und einer guten Prise Achtsamkeit, kann ma\u00dfgeblich Deine Gesundheit, Dein Wohlergehen und Deine Zufriedenheit gesteigert werden. Dabei stellt er immer den Link zwischen Mikrobiologie und Gesundheit her, damit Du auch etwas Praktisches aus dieser Information f\u00fcr Dein Leben und f\u00fcr Deinen Alltag herausziehen kannst. Auch flie\u00dfen pers\u00f6nliche Anekdoten und seine Meinung mit ein.- Wie beeinflussen die Mikroorganismen unser allt\u00e4gliches Leben? &#8211; Was sind Mythen \u00fcber Mikroorganismen und was sind Fakten? &#8211; Wie k\u00f6nnen wir mit Hilfe der Mikroorganismen unsere Gesundheit und unser Wohlbefinden verbessern? &#8211; Welche neuesten Erkenntnisse \u00fcber Mikroorganismen gibt es und was bedeuten diese f\u00fcr unseren Alltag? &#8211; Wie kann ich das Zusammenspiel mit meinen Mikroorganismen verbessern? &#8211; Wie kann ich den sch\u00e4dlichen Einfluss von [&hellip;]<\/p>\n","protected":false},"author":7,"featured_media":0,"parent":0,"menu_order":0,"comment_status":"closed","ping_status":"closed","template":"","meta":{"_et_pb_use_builder":"on","_et_pb_old_content":"","_et_gb_content_width":"","footnotes":""},"class_list":["post-4182","page","type-page","status-publish","hentry"],"_links":{"self":[{"href":"https:\/\/bacteria.de\/de\/wp-json\/wp\/v2\/pages\/4182","targetHints":{"allow":["GET"]}}],"collection":[{"href":"https:\/\/bacteria.de\/de\/wp-json\/wp\/v2\/pages"}],"about":[{"href":"https:\/\/bacteria.de\/de\/wp-json\/wp\/v2\/types\/page"}],"author":[{"embeddable":true,"href":"https:\/\/bacteria.de\/de\/wp-json\/wp\/v2\/users\/7"}],"replies":[{"embeddable":true,"href":"https:\/\/bacteria.de\/de\/wp-json\/wp\/v2\/comments?post=4182"}],"version-history":[{"count":0,"href":"https:\/\/bacteria.de\/de\/wp-json\/wp\/v2\/pages\/4182\/revisions"}],"wp:attachment":[{"href":"https:\/\/bacteria.de\/de\/wp-json\/wp\/v2\/media?parent=4182"}],"curies":[{"name":"wp","href":"https:\/\/api.w.org\/{rel}","templated":true}]}}