{"id":3961,"date":"2021-11-08T15:47:57","date_gmt":"2021-11-08T14:47:57","guid":{"rendered":"https:\/\/bacteria.de\/?page_id=3961"},"modified":"2024-01-07T00:21:08","modified_gmt":"2024-01-06T23:21:08","slug":"vortraege","status":"publish","type":"page","link":"https:\/\/bacteria.de\/de\/vortraege\/","title":{"rendered":"Vortr\u00e4ge"},"content":{"rendered":"<p>[et_pb_section fb_built=&#8220;1&#8243; fullwidth=&#8220;on&#8220; _builder_version=&#8220;4.16&#8243; _module_preset=&#8220;default&#8220; background_color=&#8220;#FFFFFF&#8220; background_enable_image=&#8220;off&#8220; global_colors_info=&#8220;{}&#8220;][et_pb_fullwidth_header title=&#8220;Vortr\u00e4ge&#8220; background_overlay_color=&#8220;rgba(10,68,121,0.5)&#8220; content_max_width=&#8220;60%&#8220; content_max_width_tablet=&#8220;100%&#8220; content_max_width_phone=&#8220;100%&#8220; content_max_width_last_edited=&#8220;on|phone&#8220; _builder_version=&#8220;4.16&#8243; _module_preset=&#8220;default&#8220; title_font_size=&#8220;80px&#8220; title_letter_spacing=&#8220;-1px&#8220; title_line_height=&#8220;1.2em&#8220; content_font=&#8220;Open Sans||||||||&#8220; content_font_size=&#8220;17px&#8220; background_color=&#8220;#2DACDC&#8220; background_image=&#8220;https:\/\/bacteria.de\/wp-content\/uploads\/2021\/11\/DSC00183-1.jpg&#8220; background_position=&#8220;top_right&#8220; custom_button_one=&#8220;on&#8220; button_one_text_size=&#8220;16px&#8220; button_one_text_color=&#8220;#ffffff&#8220; button_one_border_width=&#8220;2px&#8220; button_one_border_radius=&#8220;5px&#8220; button_one_letter_spacing=&#8220;1px&#8220; button_one_font=&#8220;Open Sans|||on|||||&#8220; button_one_icon=&#8220;&#xe09a;||divi||400&#8243; button_one_on_hover=&#8220;off&#8220; button_one_custom_margin_tablet=&#8220;&#8220; button_one_custom_margin_phone=&#8220;&#8220; button_one_custom_margin_last_edited=&#8220;on|desktop&#8220; button_one_custom_padding=&#8220;|30px||10px|false|false&#8220; button_one_custom_padding_tablet=&#8220;&#8220; button_one_custom_padding_phone=&#8220;&#8220; button_one_custom_padding_last_edited=&#8220;on|desktop&#8220; custom_margin=&#8220;|||0px|false|false&#8220; custom_margin_tablet=&#8220;|||-47px|false|false&#8220; custom_margin_phone=&#8220;|||-87px|false|false&#8220; custom_margin_last_edited=&#8220;on|phone&#8220; custom_padding=&#8220;4vw|0px|4vw|0px|false|false&#8220; custom_padding_tablet=&#8220;&#8220; custom_padding_phone=&#8220;&#8220; custom_padding_last_edited=&#8220;on|phone&#8220; title_font_size_tablet=&#8220;70px&#8220; title_font_size_phone=&#8220;45px&#8220; title_font_size_last_edited=&#8220;on|phone&#8220; content_font_size_tablet=&#8220;&#8220; content_font_size_phone=&#8220;16px&#8220; content_font_size_last_edited=&#8220;on|desktop&#8220; content_line_height_tablet=&#8220;&#8220; content_line_height_phone=&#8220;1.6em&#8220; content_line_height_last_edited=&#8220;on|phone&#8220; title_text_shadow_style=&#8220;preset3&#8243; content_text_shadow_style=&#8220;preset3&#8243; button_one_text_shadow_style=&#8220;preset3&#8243; global_colors_info=&#8220;{}&#8220; button_one_custom_padding__hover_enabled=&#8220;on|desktop&#8220; button_one_custom_margin__hover_enabled=&#8220;on|desktop&#8220; button_one_custom_margin__hover=&#8220;||0px||false|false&#8220; button_one_custom_padding__hover=&#8220;|30px|||false|false&#8220; content_line_height__hover_enabled=&#8220;off|desktop&#8220;]<\/p>\n<p>&nbsp;<\/p>\n<p>&nbsp;<\/p>\n<p>&nbsp;<\/p>\n<p>[\/et_pb_fullwidth_header][\/et_pb_section][et_pb_section fb_built=&#8220;1&#8243; _builder_version=&#8220;4.16&#8243; _module_preset=&#8220;default&#8220; global_colors_info=&#8220;{}&#8220;][et_pb_row _builder_version=&#8220;4.16&#8243; _module_preset=&#8220;default&#8220; global_colors_info=&#8220;{}&#8220;][et_pb_column type=&#8220;4_4&#8243; _builder_version=&#8220;4.16&#8243; _module_preset=&#8220;default&#8220; global_colors_info=&#8220;{}&#8220;][et_pb_cta title=&#8220;Die Mikrobiologie&#8220; button_url=&#8220;#&#8220; button_text=&#8220;Read More&#8220; admin_label=&#8220;Feature 01&#8243; _builder_version=&#8220;4.16&#8243; header_font=&#8220;||||||||&#8220; header_text_color=&#8220;#141410&#8243; header_font_size=&#8220;38px&#8220; header_letter_spacing=&#8220;-1px&#8220; header_line_height=&#8220;1.4em&#8220; body_font=&#8220;Open Sans||||||||&#8220; body_text_color=&#8220;#141410&#8243; body_line_height=&#8220;1.8em&#8220; use_background_color=&#8220;off&#8220; custom_button=&#8220;on&#8220; button_text_size=&#8220;0px&#8220; button_text_color=&#8220;#ffffff&#8220; button_bg_color=&#8220;rgba(0,0,0,0)&#8220; button_border_width=&#8220;0px&#8220; button_border_color=&#8220;#6eba01&#8243; button_border_radius=&#8220;0&#8243; button_letter_spacing=&#8220;2&#8243; button_font=&#8220;Montserrat|||on|&#8220; button_use_icon=&#8220;off&#8220; text_orientation=&#8220;left&#8220; background_layout=&#8220;light&#8220; max_width=&#8220;90%&#8220; max_width_tablet=&#8220;100%&#8220; max_width_phone=&#8220;100%&#8220; max_width_last_edited=&#8220;on|tablet&#8220; module_alignment=&#8220;left&#8220; custom_margin=&#8220;|||0px|false|false&#8220; custom_margin_tablet=&#8220;|0px||0px|false|false&#8220; custom_margin_phone=&#8220;&#8220; custom_margin_last_edited=&#8220;on|phone&#8220; custom_padding=&#8220;30px|||50px|false|false&#8220; custom_padding_tablet=&#8220;|0px||0px|false|false&#8220; custom_padding_phone=&#8220;|0px||0px|false|false&#8220; custom_padding_last_edited=&#8220;on|phone&#8220; animation_direction=&#8220;bottom&#8220; header_font_size_tablet=&#8220;32px&#8220; header_font_size_phone=&#8220;32px&#8220; header_font_size_last_edited=&#8220;on|phone&#8220; button_text_color_hover=&#8220;#6eba01&#8243; button_border_color_hover=&#8220;#6eba01&#8243; button_border_radius_hover=&#8220;0&#8243; button_letter_spacing_hover=&#8220;2&#8243; button_bg_color_hover=&#8220;rgba(0,0,0,0)&#8220; saved_tabs=&#8220;all&#8220; locked=&#8220;off&#8220; global_colors_info=&#8220;{}&#8220; button_text_size__hover_enabled=&#8220;off&#8220; button_one_text_size__hover_enabled=&#8220;off&#8220; button_two_text_size__hover_enabled=&#8220;off&#8220; button_text_color__hover_enabled=&#8220;on&#8220; button_text_color__hover=&#8220;#6eba01&#8243; button_one_text_color__hover_enabled=&#8220;off&#8220; button_two_text_color__hover_enabled=&#8220;off&#8220; button_border_width__hover_enabled=&#8220;off&#8220; button_one_border_width__hover_enabled=&#8220;off&#8220; button_two_border_width__hover_enabled=&#8220;off&#8220; button_border_color__hover_enabled=&#8220;on&#8220; button_border_color__hover=&#8220;#6eba01&#8243; button_one_border_color__hover_enabled=&#8220;off&#8220; button_two_border_color__hover_enabled=&#8220;off&#8220; button_border_radius__hover_enabled=&#8220;on&#8220; button_border_radius__hover=&#8220;0&#8243; button_one_border_radius__hover_enabled=&#8220;off&#8220; button_two_border_radius__hover_enabled=&#8220;off&#8220; button_letter_spacing__hover_enabled=&#8220;on&#8220; button_letter_spacing__hover=&#8220;2&#8243; button_one_letter_spacing__hover_enabled=&#8220;off&#8220; button_two_letter_spacing__hover_enabled=&#8220;off&#8220; button_bg_color__hover_enabled=&#8220;on&#8220; button_bg_color__hover=&#8220;rgba(0,0,0,0)&#8220; button_one_bg_color__hover_enabled=&#8220;off&#8220; button_two_bg_color__hover_enabled=&#8220;off&#8220;]<\/p>\n<p>Mikrobiologische Themen mit Schwerpunkt auf Gesundheit und Lebensqualit\u00e4t sind gerade heutzutage von einer brisanten Aktualit\u00e4t. Neueste Forschungen rund um das Mikrobiom des Menschen lassen Einfl\u00fcsse auf unseren K\u00f6rper und unsere Gesundheit erkennen, die bisherige Erkenntnisse in den Schatten stellten. Dabei spielen Bewegung, Ern\u00e4hrung und Regeneration eine dramatische Rolle in der Entwicklung und Beeinflussung unseres Mikrobiom.<\/p>\n<p>Die Mikrobiologie ist sp\u00e4testens seit Anfang 2020, als das Coronavirus Einzug in die \u00f6ffentliche Wahrnehmung gefunden hat, in aller Munde. Doch die Berichterstattung durch die Massenmedien und die Darstellung durch die politischen Organe ist oftmals unvollst\u00e4ndig und fehlerbehaftet vereinfachend. Das muss nicht sein.<\/p>\n<p>[\/et_pb_cta][et_pb_cta button_url=&#8220;#&#8220; admin_label=&#8220;Feature 01&#8243; _builder_version=&#8220;4.16&#8243; header_font=&#8220;||||||||&#8220; header_text_color=&#8220;#141410&#8243; header_font_size=&#8220;38px&#8220; header_letter_spacing=&#8220;-1px&#8220; header_line_height=&#8220;1.4em&#8220; body_font=&#8220;Open Sans||on||||||&#8220; body_text_color=&#8220;#2dacdc&#8220; body_font_size=&#8220;19px&#8220; body_line_height=&#8220;1.8em&#8220; use_background_color=&#8220;off&#8220; custom_button=&#8220;on&#8220; button_text_size=&#8220;0px&#8220; button_text_color=&#8220;#ffffff&#8220; button_bg_color=&#8220;rgba(0,0,0,0)&#8220; button_border_width=&#8220;0px&#8220; button_border_color=&#8220;#6eba01&#8243; button_border_radius=&#8220;0&#8243; button_letter_spacing=&#8220;2&#8243; button_font=&#8220;Montserrat|||on|&#8220; button_use_icon=&#8220;off&#8220; background_layout=&#8220;light&#8220; max_width=&#8220;70%&#8220; max_width_tablet=&#8220;90%&#8220; max_width_phone=&#8220;100%&#8220; max_width_last_edited=&#8220;on|desktop&#8220; module_alignment=&#8220;center&#8220; custom_margin=&#8220;|||&#8220; custom_padding=&#8220;|||&#8220; animation_direction=&#8220;bottom&#8220; header_font_size_tablet=&#8220;32px&#8220; header_font_size_phone=&#8220;32px&#8220; header_font_size_last_edited=&#8220;on|phone&#8220; button_text_color_hover=&#8220;#6eba01&#8243; button_border_color_hover=&#8220;#6eba01&#8243; button_border_radius_hover=&#8220;0&#8243; button_letter_spacing_hover=&#8220;2&#8243; button_bg_color_hover=&#8220;rgba(0,0,0,0)&#8220; saved_tabs=&#8220;all&#8220; locked=&#8220;off&#8220; global_colors_info=&#8220;{}&#8220; button_text_size__hover_enabled=&#8220;off&#8220; button_one_text_size__hover_enabled=&#8220;off&#8220; button_two_text_size__hover_enabled=&#8220;off&#8220; button_text_color__hover_enabled=&#8220;on&#8220; button_text_color__hover=&#8220;#6eba01&#8243; button_one_text_color__hover_enabled=&#8220;off&#8220; button_two_text_color__hover_enabled=&#8220;off&#8220; button_border_width__hover_enabled=&#8220;off&#8220; button_one_border_width__hover_enabled=&#8220;off&#8220; button_two_border_width__hover_enabled=&#8220;off&#8220; button_border_color__hover_enabled=&#8220;on&#8220; button_border_color__hover=&#8220;#6eba01&#8243; button_one_border_color__hover_enabled=&#8220;off&#8220; button_two_border_color__hover_enabled=&#8220;off&#8220; button_border_radius__hover_enabled=&#8220;on&#8220; button_border_radius__hover=&#8220;0&#8243; button_one_border_radius__hover_enabled=&#8220;off&#8220; button_two_border_radius__hover_enabled=&#8220;off&#8220; button_letter_spacing__hover_enabled=&#8220;on&#8220; button_letter_spacing__hover=&#8220;2&#8243; button_one_letter_spacing__hover_enabled=&#8220;off&#8220; button_two_letter_spacing__hover_enabled=&#8220;off&#8220; button_bg_color__hover_enabled=&#8220;on&#8220; button_bg_color__hover=&#8220;rgba(0,0,0,0)&#8220; button_one_bg_color__hover_enabled=&#8220;off&#8220; button_two_bg_color__hover_enabled=&#8220;off&#8220;]<\/p>\n<p>Erlebe Mikrobiologie. Wissenschaftlich korrekt, ehrlich und ohne politische oder ideologische Verf\u00e4rbung.<\/p>\n<p>[\/et_pb_cta][\/et_pb_column][\/et_pb_row][et_pb_row column_structure=&#8220;1_2,1_2&#8243; _builder_version=&#8220;4.16&#8243; width=&#8220;70%&#8220; width_tablet=&#8220;&#8220; width_phone=&#8220;&#8220; width_last_edited=&#8220;on|phone&#8220; max_width=&#8220;1680px&#8220; module_alignment=&#8220;center&#8220; min_height=&#8220;470.9px&#8220; custom_margin=&#8220;|||&#8220; custom_padding=&#8220;|||&#8220; animation_style=&#8220;slide&#8220; animation_direction=&#8220;bottom&#8220; animation_duration=&#8220;300ms&#8220; animation_intensity_slide=&#8220;1%&#8220; global_colors_info=&#8220;{}&#8220; width__hover_enabled=&#8220;on|desktop&#8220; width__hover=&#8220;70%&#8220;][et_pb_column type=&#8220;1_2&#8243; _builder_version=&#8220;4.16&#8243; background_color=&#8220;#2dacdc&#8220; background_color_gradient_direction=&#8220;115deg&#8220; custom_padding=&#8220;|||&#8220; global_colors_info=&#8220;{}&#8220; custom_padding__hover=&#8220;|||&#8220;][et_pb_image src=&#8220;https:\/\/bacteria.de\/wp-content\/uploads\/2022\/12\/Image-1-1-pdf.jpg&#8220; title_text=&#8220;Image-1&#8243; align=&#8220;center&#8220; _builder_version=&#8220;4.18.0&#8243; custom_margin=&#8220;-20px|20px|20px|-20px|false|false&#8220; custom_padding=&#8220;||||false|false&#8220; animation_direction=&#8220;right&#8220; box_shadow_style=&#8220;preset3&#8243; box_shadow_horizontal=&#8220;13px&#8220; box_shadow_vertical=&#8220;42px&#8220; box_shadow_blur=&#8220;45px&#8220; box_shadow_spread=&#8220;-3px&#8220; box_shadow_color=&#8220;rgba(0,0,0,0)&#8220; always_center_on_mobile=&#8220;off&#8220; global_colors_info=&#8220;{}&#8220;][\/et_pb_image][\/et_pb_column][et_pb_column type=&#8220;1_2&#8243; _builder_version=&#8220;4.16&#8243; background_color_gradient_direction=&#8220;35deg&#8220; custom_padding=&#8220;|0px||0px|false|false&#8220; global_colors_info=&#8220;{}&#8220; custom_padding__hover=&#8220;|||&#8220;][et_pb_cta button_url=&#8220;#&#8220; button_text=&#8220;Read More&#8220; admin_label=&#8220;Feature 01&#8243; _builder_version=&#8220;4.16&#8243; header_font=&#8220;||||||||&#8220; header_text_color=&#8220;#141410&#8243; header_font_size=&#8220;38px&#8220; header_letter_spacing=&#8220;-1px&#8220; header_line_height=&#8220;1.4em&#8220; body_font=&#8220;Open Sans||||||||&#8220; body_text_color=&#8220;#141410&#8243; body_line_height=&#8220;1.8em&#8220; use_background_color=&#8220;off&#8220; custom_button=&#8220;on&#8220; button_text_size=&#8220;0px&#8220; button_text_color=&#8220;#ffffff&#8220; button_bg_color=&#8220;rgba(0,0,0,0)&#8220; button_border_width=&#8220;0px&#8220; button_border_color=&#8220;#6eba01&#8243; button_border_radius=&#8220;0&#8243; button_letter_spacing=&#8220;2&#8243; button_font=&#8220;Montserrat|||on|&#8220; button_use_icon=&#8220;off&#8220; text_orientation=&#8220;left&#8220; background_layout=&#8220;light&#8220; max_width=&#8220;90%&#8220; max_width_tablet=&#8220;100%&#8220; max_width_phone=&#8220;100%&#8220; max_width_last_edited=&#8220;on|tablet&#8220; module_alignment=&#8220;left&#8220; custom_margin=&#8220;|||0px|false|false&#8220; custom_margin_tablet=&#8220;|0px||0px|false|false&#8220; custom_margin_phone=&#8220;&#8220; custom_margin_last_edited=&#8220;on|phone&#8220; custom_padding=&#8220;100px|||50px|false|false&#8220; custom_padding_tablet=&#8220;|0px||0px|false|false&#8220; custom_padding_phone=&#8220;|0px||0px|false|false&#8220; custom_padding_last_edited=&#8220;on|phone&#8220; animation_direction=&#8220;bottom&#8220; header_font_size_tablet=&#8220;32px&#8220; header_font_size_phone=&#8220;32px&#8220; header_font_size_last_edited=&#8220;on|phone&#8220; button_text_color_hover=&#8220;#6eba01&#8243; button_border_color_hover=&#8220;#6eba01&#8243; button_border_radius_hover=&#8220;0&#8243; button_letter_spacing_hover=&#8220;2&#8243; button_bg_color_hover=&#8220;rgba(0,0,0,0)&#8220; saved_tabs=&#8220;all&#8220; locked=&#8220;off&#8220; global_colors_info=&#8220;{}&#8220; button_text_size__hover_enabled=&#8220;off&#8220; button_one_text_size__hover_enabled=&#8220;off&#8220; button_two_text_size__hover_enabled=&#8220;off&#8220; button_text_color__hover_enabled=&#8220;on&#8220; button_text_color__hover=&#8220;#6eba01&#8243; button_one_text_color__hover_enabled=&#8220;off&#8220; button_two_text_color__hover_enabled=&#8220;off&#8220; button_border_width__hover_enabled=&#8220;off&#8220; button_one_border_width__hover_enabled=&#8220;off&#8220; button_two_border_width__hover_enabled=&#8220;off&#8220; button_border_color__hover_enabled=&#8220;on&#8220; button_border_color__hover=&#8220;#6eba01&#8243; button_one_border_color__hover_enabled=&#8220;off&#8220; button_two_border_color__hover_enabled=&#8220;off&#8220; button_border_radius__hover_enabled=&#8220;on&#8220; button_border_radius__hover=&#8220;0&#8243; button_one_border_radius__hover_enabled=&#8220;off&#8220; button_two_border_radius__hover_enabled=&#8220;off&#8220; button_letter_spacing__hover_enabled=&#8220;on&#8220; button_letter_spacing__hover=&#8220;2&#8243; button_one_letter_spacing__hover_enabled=&#8220;off&#8220; button_two_letter_spacing__hover_enabled=&#8220;off&#8220; button_bg_color__hover_enabled=&#8220;on&#8220; button_bg_color__hover=&#8220;rgba(0,0,0,0)&#8220; button_one_bg_color__hover_enabled=&#8220;off&#8220; button_two_bg_color__hover_enabled=&#8220;off&#8220;]<\/p>\n<p><a href=\"https:\/\/bacteria.de\/ueber-uns\/\">Dr. Jiri Snaidr<\/a> ist ein anerkannter und internationaler Vortragsredner zu den Themen Mikrobiologie, Gesundheit und Entrepreneurship. Sein Vortragsstil ist lebendig, \u00fcberzeugend, ehrlich, wissenschaftlich fundiert und kurzweilig.<\/p>\n<p>&nbsp;<\/p>\n<p><strong>F\u00fcr Anfragen und Buchungen benutze bitte das Kontaktformular.<\/strong><\/p>\n<p>&nbsp;<\/p>\n<p>[\/et_pb_cta][\/et_pb_column][\/et_pb_row][et_pb_row _builder_version=&#8220;4.18.0&#8243; _module_preset=&#8220;default&#8220; global_colors_info=&#8220;{}&#8220;][et_pb_column type=&#8220;4_4&#8243; _builder_version=&#8220;4.18.0&#8243; _module_preset=&#8220;default&#8220; global_colors_info=&#8220;{}&#8220;][\/et_pb_column][\/et_pb_row][et_pb_row _builder_version=&#8220;4.16&#8243; _module_preset=&#8220;default&#8220; custom_margin=&#8220;-86px|auto||auto||&#8220; global_colors_info=&#8220;{}&#8220;][et_pb_column type=&#8220;4_4&#8243; _builder_version=&#8220;4.16&#8243; _module_preset=&#8220;default&#8220; global_colors_info=&#8220;{}&#8220;][et_pb_button button_url=&#8220;https:\/\/bacteria.de\/kontakt\/&#8220; button_text=&#8220;Wir freuen uns auf deine Kontaktanfrage!&#8220; button_alignment=&#8220;center&#8220; _builder_version=&#8220;4.18.0&#8243; _module_preset=&#8220;default&#8220; custom_button=&#8220;on&#8220; button_text_size=&#8220;25px&#8220; button_text_color=&#8220;#FFFFFF&#8220; button_bg_color=&#8220;#2DACDC&#8220; button_border_radius=&#8220;14px&#8220; button_font=&#8220;|700|||||||&#8220; global_colors_info=&#8220;{}&#8220;][\/et_pb_button][\/et_pb_column][\/et_pb_row][\/et_pb_section]<\/p>\n","protected":false},"excerpt":{"rendered":"<p>&nbsp; &nbsp; &nbsp;Mikrobiologische Themen mit Schwerpunkt auf Gesundheit und Lebensqualit\u00e4t sind gerade heutzutage von einer brisanten Aktualit\u00e4t. Neueste Forschungen rund um das Mikrobiom des Menschen lassen Einfl\u00fcsse auf unseren K\u00f6rper und unsere Gesundheit erkennen, die bisherige Erkenntnisse in den Schatten stellten. Dabei spielen Bewegung, Ern\u00e4hrung und Regeneration eine dramatische Rolle in der Entwicklung und Beeinflussung unseres Mikrobiom. Die Mikrobiologie ist sp\u00e4testens seit Anfang 2020, als das Coronavirus Einzug in die \u00f6ffentliche Wahrnehmung gefunden hat, in aller Munde. Doch die Berichterstattung durch die Massenmedien und die Darstellung durch die politischen Organe ist oftmals unvollst\u00e4ndig und fehlerbehaftet vereinfachend. Das muss nicht sein.Erlebe Mikrobiologie. Wissenschaftlich korrekt, ehrlich und ohne politische oder ideologische Verf\u00e4rbung.Dr. Jiri Snaidr ist ein anerkannter und internationaler Vortragsredner zu den Themen Mikrobiologie, Gesundheit und Entrepreneurship. Sein Vortragsstil ist lebendig, \u00fcberzeugend, ehrlich, wissenschaftlich fundiert und kurzweilig. &nbsp; F\u00fcr Anfragen und Buchungen benutze bitte das Kontaktformular. &nbsp;<\/p>\n","protected":false},"author":7,"featured_media":0,"parent":0,"menu_order":0,"comment_status":"closed","ping_status":"closed","template":"","meta":{"_et_pb_use_builder":"on","_et_pb_old_content":"","_et_gb_content_width":"","footnotes":""},"class_list":["post-3961","page","type-page","status-publish","hentry"],"_links":{"self":[{"href":"https:\/\/bacteria.de\/de\/wp-json\/wp\/v2\/pages\/3961","targetHints":{"allow":["GET"]}}],"collection":[{"href":"https:\/\/bacteria.de\/de\/wp-json\/wp\/v2\/pages"}],"about":[{"href":"https:\/\/bacteria.de\/de\/wp-json\/wp\/v2\/types\/page"}],"author":[{"embeddable":true,"href":"https:\/\/bacteria.de\/de\/wp-json\/wp\/v2\/users\/7"}],"replies":[{"embeddable":true,"href":"https:\/\/bacteria.de\/de\/wp-json\/wp\/v2\/comments?post=3961"}],"version-history":[{"count":0,"href":"https:\/\/bacteria.de\/de\/wp-json\/wp\/v2\/pages\/3961\/revisions"}],"wp:attachment":[{"href":"https:\/\/bacteria.de\/de\/wp-json\/wp\/v2\/media?parent=3961"}],"curies":[{"name":"wp","href":"https:\/\/api.w.org\/{rel}","templated":true}]}}