{"id":1578,"date":"2020-09-30T11:07:26","date_gmt":"2020-09-30T09:07:26","guid":{"rendered":"https:\/\/bacteria.de\/?page_id=1578"},"modified":"2024-03-12T14:14:13","modified_gmt":"2024-03-12T13:14:13","slug":"impressum","status":"publish","type":"page","link":"https:\/\/bacteria.de\/de\/impressum\/","title":{"rendered":"Impressum"},"content":{"rendered":"<p>[et_pb_section fb_built=&#8220;1&#8243; _builder_version=&#8220;4.16&#8243; _module_preset=&#8220;default&#8220; global_colors_info=&#8220;{}&#8220;][et_pb_row custom_padding_last_edited=&#8220;on|desktop&#8220; _builder_version=&#8220;4.16&#8243; _module_preset=&#8220;default&#8220; custom_padding=&#8220;130px||||false|false&#8220; custom_padding_tablet=&#8220;60px||||false|false&#8220; custom_padding_phone=&#8220;30px||||false|false&#8220; global_colors_info=&#8220;{}&#8220;][et_pb_column type=&#8220;4_4&#8243; _builder_version=&#8220;4.16&#8243; _module_preset=&#8220;default&#8220; global_colors_info=&#8220;{}&#8220;][et_pb_text _builder_version=&#8220;4.16&#8243; _module_preset=&#8220;default&#8220; text_text_color=&#8220;#2dacdc&#8220; header_font=&#8220;|700|||||||&#8220; header_text_color=&#8220;#2dacdc&#8220; background_color=&#8220;rgba(0,0,0,0)&#8220; custom_padding=&#8220;4px|7px|6px|70px|false|false&#8220; custom_padding_tablet=&#8220;8px|0px|10px|0px|false|false&#8220; custom_padding_phone=&#8220;|0px||0px|false|false&#8220; custom_padding_last_edited=&#8220;on|tablet&#8220; global_colors_info=&#8220;{}&#8220;]<\/p>\n<h1>Impressum<\/h1>\n<p>[\/et_pb_text][\/et_pb_column][\/et_pb_row][et_pb_row _builder_version=&#8220;4.16&#8243; _module_preset=&#8220;default&#8220; custom_padding=&#8220;0px||0px||false|false&#8220; global_colors_info=&#8220;{}&#8220;][et_pb_column type=&#8220;4_4&#8243; _builder_version=&#8220;4.16&#8243; _module_preset=&#8220;default&#8220; global_colors_info=&#8220;{}&#8220;][et_pb_divider _builder_version=&#8220;4.16&#8243; _module_preset=&#8220;default&#8220; global_colors_info=&#8220;{}&#8220;][\/et_pb_divider][\/et_pb_column][\/et_pb_row][et_pb_row column_structure=&#8220;1_2,1_2&#8243; _builder_version=&#8220;4.16&#8243; _module_preset=&#8220;default&#8220; global_colors_info=&#8220;{}&#8220;][et_pb_column type=&#8220;1_2&#8243; _builder_version=&#8220;4.16&#8243; _module_preset=&#8220;default&#8220; global_colors_info=&#8220;{}&#8220;][et_pb_text _builder_version=&#8220;4.16&#8243; _module_preset=&#8220;default&#8220; text_text_color=&#8220;#141410&#8243; text_font_size=&#8220;19px&#8220; header_font=&#8220;|700|||||||&#8220; header_font_size=&#8220;29px&#8220; header_line_height=&#8220;1.3em&#8220; custom_margin=&#8220;|||0px|false|false&#8220; custom_padding=&#8220;30px|40px|6px|40px|false|false&#8220; custom_padding_tablet=&#8220;8px|0px|39px|0px|false|false&#8220; custom_padding_phone=&#8220;|0px||0px|false|false&#8220; text_font_size_tablet=&#8220;&#8220; text_font_size_phone=&#8220;17px&#8220; text_font_size_last_edited=&#8220;on|desktop&#8220; header_font_size_tablet=&#8220;&#8220; header_font_size_phone=&#8220;23px&#8220; header_font_size_last_edited=&#8220;on|phone&#8220; global_colors_info=&#8220;{}&#8220;]<\/p>\n<h1>Seitenbetreiber:<\/h1>\n<p>Magnospira GmbH &amp; Co. KG<br \/>c\/o vermicon AG<br \/>Zeppelinstra\u00dfe 3<br \/>85399 Hallbergmoos<\/p>\n<p>Tel.: +49 811 1244929 0<br \/>Fax: +49 40 696382030<\/p>\n<p>E-mail: <span style=\"color: #141410;\"><a href=\"mailto:info@magnospira.com\" style=\"color: #141410;\">info@magnospira.com<\/a><\/span><\/p>\n<p>&nbsp;<\/p>\n<h1>Eingetragen im:<\/h1>\n<p>Amtsgericht M\u00fcnchen<br \/>HRA 117619<\/p>\n<p>&nbsp;<\/p>\n<h1>Umsatzsteuer ID Nummer<\/h1>\n<p>DE314576104<\/p>\n<p>&nbsp;<\/p>\n<h1>Vertretungsberechtigter gesch\u00e4ftsf\u00fchrender Gesellschafter:<\/h1>\n<p>Dr. Jiri Snaidr<\/p>\n<p>&nbsp;<\/p>\n<h1>Quellenangaben der verwendeten Bilder:<\/h1>\n<p><a href=\"https:\/\/bacteria.de\"><strong>Home: <\/strong><\/a><\/p>\n<p>&#8211; Photo by Josh Hild on <a href=\"https:\/\/unsplash.com\" target=\"_blank\" rel=\"noopener\">Unsplash<\/a><\/p>\n<p>&#8211; Adobe Stock \/ Rido &#8211; <a href=\"https:\/\/stock.adobe.com\/de\/\" target=\"_blank\" rel=\"noopener\">stock.adobe.com<\/a><\/p>\n<p>&#8211; Adobe Stock \/\u00a0peterschreiber.media &#8211;\u00a0<a href=\"https:\/\/stock.adobe.com\/de\/\" target=\"_blank\" rel=\"noopener\">stock.adobe.com<\/a><\/p>\n<p><a href=\"https:\/\/bacteria.de\/kontakt\/\"><strong>Kontakt:<\/strong><\/a><\/p>\n<p>&#8211;\u00a0Adobe Stock \/\u00a0Microgen \u2013 <a href=\"https:\/\/stock.adobe.com\/de\/\" target=\"_blank\" rel=\"noopener\">stock.adobe.com<\/a><\/p>\n<p>&nbsp;<\/p>\n<p>[\/et_pb_text][\/et_pb_column][et_pb_column type=&#8220;1_2&#8243; _builder_version=&#8220;4.16&#8243; _module_preset=&#8220;default&#8220; global_colors_info=&#8220;{}&#8220;][et_pb_text _builder_version=&#8220;4.16&#8243; _module_preset=&#8220;default&#8220; text_text_color=&#8220;#141410&#8243; text_font_size=&#8220;19px&#8220; header_font=&#8220;|700|||||||&#8220; header_font_size=&#8220;29px&#8220; header_line_height=&#8220;1.3em&#8220; min_height=&#8220;818px&#8220; custom_padding=&#8220;30px|7px|6px|70px|false|false&#8220; custom_padding_tablet=&#8220;8px|0px|10px|0px|false|false&#8220; custom_padding_phone=&#8220;29px|0px|10px|0px|false|false&#8220; custom_padding_last_edited=&#8220;on|phone&#8220; text_font_size_tablet=&#8220;19px&#8220; text_font_size_phone=&#8220;17px&#8220; text_font_size_last_edited=&#8220;on|desktop&#8220; header_font_size_tablet=&#8220;&#8220; header_font_size_phone=&#8220;23px&#8220; header_font_size_last_edited=&#8220;on|phone&#8220; global_colors_info=&#8220;{}&#8220;]<\/p>\n<h1>Pers\u00f6nlich haftende Gesellschafterin:<\/h1>\n<p>Magnospira International GmbH<br \/>c\/o vermicon AG<br \/>Zeppelinstra\u00dfe 3<br \/>85399 Hallbergmoos<\/p>\n<p>Amtsgericht M\u00fcnchen: HRB 282739<\/p>\n<p>Vertreten durch den Gesch\u00e4ftsf\u00fchrer Dr. Jiri Snaidr<\/p>\n<p>Inhaltlich Verantwortlicher gem. \u00a7 5 TMG i.V.m. \u00a7 55 II RStV: Dr. Jiri Snaidr<\/p>\n<p>&nbsp;<\/p>\n<h1>Copyright und Haftung<\/h1>\n<p>Der Inhalt der Seiten ist urheberrechtlich gesch\u00fctzt. Vervielf\u00e4ltigung, \u00c4nderung, Verbreitung, Nutzung oder \u00f6ffentliche Wiedergabe der Informationen oder Daten, insbesondere von Texten, Bild &#8211; oder Tonmaterial ist nur mit ausdr\u00fccklicher Zustimmung gestattet. Wir \u00fcbernehmen keine Haftung f\u00fcr die Inhalte externer Links. F\u00fcr die Inhalte der verlinkten Seiten sind ausschlie\u00dflich die jeweiligen Betreiber verantwortlich.<\/p>\n<p><a href=\"https:\/\/stock.adobe.com\/de\/\" target=\"_blank\" rel=\"noopener\"><\/a><\/p>\n<p>[\/et_pb_text][\/et_pb_column][\/et_pb_row][\/et_pb_section][et_pb_section fb_built=&#8220;1&#8243; _builder_version=&#8220;4.16&#8243; _module_preset=&#8220;default&#8220; global_colors_info=&#8220;{}&#8220;][\/et_pb_section]<\/p>\n","protected":false},"excerpt":{"rendered":"<p>ImpressumSeitenbetreiber: Magnospira GmbH &amp; Co. KGc\/o vermicon AGZeppelinstra\u00dfe 385399 Hallbergmoos Tel.: +49 811 1244929 0Fax: +49 40 696382030 E-mail: info@magnospira.com &nbsp; Eingetragen im: Amtsgericht M\u00fcnchenHRA 117619 &nbsp; Umsatzsteuer ID Nummer DE314576104 &nbsp; Vertretungsberechtigter gesch\u00e4ftsf\u00fchrender Gesellschafter: Dr. Jiri Snaidr &nbsp; Quellenangaben der verwendeten Bilder: Home: &#8211; Photo by Josh Hild on Unsplash &#8211; Adobe Stock \/ Rido &#8211; stock.adobe.com &#8211; Adobe Stock \/\u00a0peterschreiber.media &#8211;\u00a0stock.adobe.com Kontakt: &#8211;\u00a0Adobe Stock \/\u00a0Microgen \u2013 stock.adobe.com &nbsp;Pers\u00f6nlich haftende Gesellschafterin: Magnospira International GmbHc\/o vermicon AGZeppelinstra\u00dfe 385399 Hallbergmoos Amtsgericht M\u00fcnchen: HRB 282739 Vertreten durch den Gesch\u00e4ftsf\u00fchrer Dr. Jiri Snaidr Inhaltlich Verantwortlicher gem. \u00a7 5 TMG i.V.m. \u00a7 55 II RStV: Dr. Jiri Snaidr &nbsp; Copyright und Haftung Der Inhalt der Seiten ist urheberrechtlich gesch\u00fctzt. Vervielf\u00e4ltigung, \u00c4nderung, Verbreitung, Nutzung oder \u00f6ffentliche Wiedergabe der Informationen oder Daten, insbesondere von Texten, Bild &#8211; oder Tonmaterial ist nur mit ausdr\u00fccklicher Zustimmung gestattet. Wir \u00fcbernehmen keine Haftung f\u00fcr die Inhalte externer Links. F\u00fcr die Inhalte der verlinkten Seiten sind ausschlie\u00dflich die jeweiligen Betreiber verantwortlich.<\/p>\n","protected":false},"author":7,"featured_media":0,"parent":0,"menu_order":0,"comment_status":"closed","ping_status":"closed","template":"","meta":{"_et_pb_use_builder":"on","_et_pb_old_content":"","_et_gb_content_width":"","footnotes":""},"class_list":["post-1578","page","type-page","status-publish","hentry"],"_links":{"self":[{"href":"https:\/\/bacteria.de\/de\/wp-json\/wp\/v2\/pages\/1578","targetHints":{"allow":["GET"]}}],"collection":[{"href":"https:\/\/bacteria.de\/de\/wp-json\/wp\/v2\/pages"}],"about":[{"href":"https:\/\/bacteria.de\/de\/wp-json\/wp\/v2\/types\/page"}],"author":[{"embeddable":true,"href":"https:\/\/bacteria.de\/de\/wp-json\/wp\/v2\/users\/7"}],"replies":[{"embeddable":true,"href":"https:\/\/bacteria.de\/de\/wp-json\/wp\/v2\/comments?post=1578"}],"version-history":[{"count":0,"href":"https:\/\/bacteria.de\/de\/wp-json\/wp\/v2\/pages\/1578\/revisions"}],"wp:attachment":[{"href":"https:\/\/bacteria.de\/de\/wp-json\/wp\/v2\/media?parent=1578"}],"curies":[{"name":"wp","href":"https:\/\/api.w.org\/{rel}","templated":true}]}}